{"id":2785,"date":"2022-03-25T19:07:41","date_gmt":"2022-03-25T18:07:41","guid":{"rendered":"http:\/\/new.knospe-aba.com\/foerderangebot\/"},"modified":"2023-11-23T16:51:32","modified_gmt":"2023-11-23T15:51:32","slug":"foerderangebot","status":"publish","type":"page","link":"https:\/\/www.knospe-aba.com\/en\/foerderangebot\/","title":{"rendered":"Services"},"content":{"rendered":"<div class=\"wpb-content-wrapper\"><p>[vc_row disable_element=&#8221;yes&#8221; css=&#8221;.vc_custom_1646779522053{padding-top: 50px !important;}&#8221;][vc_column][vc_single_image image=&#8221;2371&#8243; img_size=&#8221;full&#8221;][\/vc_column][\/vc_row][vc_row css=&#8221;.vc_custom_1643754078570{padding-top: 2.5em !important;padding-bottom: 10.5em !important;}&#8221;][vc_column]<div id=\"sc_title_1395012\"\r\n\t\tclass=\"sc_title sc_title_default  vc_custom_1648393932434\"><h2 class=\"sc_item_title sc_title_title sc_align_left sc_item_title_style_default sc_item_title_tag\">Services<\/h2><\/div><!-- \/.sc_title -->[vc_row_inner css=&#8221;.vc_custom_1643791496225{padding-bottom: 0px !important;}&#8221;][vc_column_inner][vc_column_text]<\/p>\n<h3><strong>Our services include:<br \/>\n<\/strong><\/h3>\n<p><strong>Initial Consultation<\/strong> &#8211; We come to your house, assess the environment and your child while emphasizing relationship building (\u201cpairing\u201d). We begin to work directly with your child as well as teach you how to best help your child. Before we leave, we will have designed a complete home program that you can continue to implement on your own. This initial consultation will usually last 3 days.<\/p>\n<p><strong>Maintenance Consultation<\/strong> \u2013 In order to provide the best possible support for your child, we offer regular follow-up consultations, which take place in your home and can include kindergarten, school, or community support. Individual recommendations are made relating to the frequency of consultations, but for the first year of service, one day a month is common.<\/p>\n<p><strong>Online Consultation<\/strong> \u2013 Whenever there is no direct child interaction needed, but instead only further education and communication with the family\/team, we offer online consultations. The advantage of online consultations is more frequency, preferred times and shorter sessions.<\/p>\n<p><strong>Phone-, Email-Consultation<\/strong> &#8211; Even after we\u2019ve left your house, you won&#8217;t be left alone. We will be available via phone and email to answer questions.[\/vc_column_text][\/vc_column_inner][\/vc_row_inner][\/vc_column][\/vc_row]<\/p>\n<\/div>","protected":false},"excerpt":{"rendered":"<p>[vc_row disable_element=&#8221;yes&#8221; css=&#8221;.vc_custom_1646779522053{padding-top: 50px !important;}&#8221;][vc_column][vc_single_image image=&#8221;2371&#8243; img_size=&#8221;full&#8221;][\/vc_column][\/vc_row][vc_row css=&#8221;.vc_custom_1643754078570{padding-top: 2.5em !important;padding-bottom: 10.5em !important;}&#8221;][vc_column][vc_row_inner css=&#8221;.vc_custom_1643791496225{padding-bottom: 0px !important;}&#8221;][vc_column_inner][vc_column_text] Our services include: Initial Consultation &#8211; We come to your house, assess the environment and your child while emphasizing relationship building (\u201cpairing\u201d). We begin to work directly with your child as well as teach you how to best help your child. Before we leave, we&hellip;<\/p>\n","protected":false},"author":1,"featured_media":0,"parent":0,"menu_order":0,"comment_status":"closed","ping_status":"closed","template":"","meta":{"footnotes":""},"class_list":["post-2785","page","type-page","status-publish","hentry"],"yoast_head":"<!-- This site is optimized with the Yoast SEO plugin v27.4 - https:\/\/yoast.com\/product\/yoast-seo-wordpress\/ -->\n<title>Services - Knospe-ABA | Hilfe bei Autismus-Spektrum-St\u00f6rungen<\/title>\n<meta name=\"robots\" content=\"index, follow, max-snippet:-1, max-image-preview:large, max-video-preview:-1\" \/>\n<link rel=\"canonical\" href=\"https:\/\/www.knospe-aba.com\/en\/foerderangebot\/\" \/>\n<meta property=\"og:locale\" content=\"en_US\" \/>\n<meta property=\"og:type\" content=\"article\" \/>\n<meta property=\"og:title\" content=\"Services - Knospe-ABA | Hilfe bei Autismus-Spektrum-St\u00f6rungen\" \/>\n<meta property=\"og:description\" content=\"[vc_row disable_element=&#8221;yes&#8221; css=&#8221;.vc_custom_1646779522053{padding-top: 50px !important;}&#8221;][vc_column][vc_single_image image=&#8221;2371&#8243; img_size=&#8221;full&#8221;][\/vc_column][\/vc_row][vc_row css=&#8221;.vc_custom_1643754078570{padding-top: 2.5em !important;padding-bottom: 10.5em !important;}&#8221;][vc_column][vc_row_inner css=&#8221;.vc_custom_1643791496225{padding-bottom: 0px !important;}&#8221;][vc_column_inner][vc_column_text] Our services include: Initial Consultation &#8211; We come to your house, assess the environment and your child while emphasizing relationship building (\u201cpairing\u201d). We begin to work directly with your child as well as teach you how to best help your child. Before we leave, we&hellip;\" \/>\n<meta property=\"og:url\" content=\"https:\/\/www.knospe-aba.com\/en\/foerderangebot\/\" \/>\n<meta property=\"og:site_name\" content=\"Knospe-ABA | Hilfe bei Autismus-Spektrum-St\u00f6rungen\" \/>\n<meta property=\"article:publisher\" content=\"https:\/\/de-de.facebook.com\/RobertSchrammBCBA\" \/>\n<meta property=\"article:modified_time\" content=\"2023-11-23T15:51:32+00:00\" \/>\n<meta property=\"og:image\" content=\"https:\/\/www.knospe-aba.com\/wp-content\/uploads\/2022\/03\/logo5-NEU-2.jpg\" \/>\n\t<meta property=\"og:image:width\" content=\"577\" \/>\n\t<meta property=\"og:image:height\" content=\"179\" \/>\n\t<meta property=\"og:image:type\" content=\"image\/jpeg\" \/>\n<meta name=\"twitter:card\" content=\"summary_large_image\" \/>\n<meta name=\"twitter:label1\" content=\"Est. reading time\" \/>\n\t<meta name=\"twitter:data1\" content=\"2 minutes\" \/>\n<script type=\"application\/ld+json\" class=\"yoast-schema-graph\">{\"@context\":\"https:\\\/\\\/schema.org\",\"@graph\":[{\"@type\":\"WebPage\",\"@id\":\"https:\\\/\\\/www.knospe-aba.com\\\/en\\\/foerderangebot\\\/\",\"url\":\"https:\\\/\\\/www.knospe-aba.com\\\/en\\\/foerderangebot\\\/\",\"name\":\"Services - Knospe-ABA | Hilfe bei Autismus-Spektrum-St\u00f6rungen\",\"isPartOf\":{\"@id\":\"https:\\\/\\\/www.knospe-aba.com\\\/en\\\/#website\"},\"datePublished\":\"2022-03-25T18:07:41+00:00\",\"dateModified\":\"2023-11-23T15:51:32+00:00\",\"inLanguage\":\"en-US\",\"potentialAction\":[{\"@type\":\"ReadAction\",\"target\":[\"https:\\\/\\\/www.knospe-aba.com\\\/en\\\/foerderangebot\\\/\"]}]},{\"@type\":\"WebSite\",\"@id\":\"https:\\\/\\\/www.knospe-aba.com\\\/en\\\/#website\",\"url\":\"https:\\\/\\\/www.knospe-aba.com\\\/en\\\/\",\"name\":\"Knospe-ABA | Hilfe bei Autismus-Spektrum-St\u00f6rungen\",\"description\":\"Autismus Elterntraining, Therapie, Autismushilfe, Heilp\u00e4dgogische F\u00f6rderung, Fr\u00fchkindlicher Autismus Therapie, F\u00f6rderung Autismus, Fr\u00fchf\u00f6rderung Autismus, ABA, Sonderp\u00e4dagogische Hilfe, Autismushilfe, Autismuszentrum\",\"publisher\":{\"@id\":\"https:\\\/\\\/www.knospe-aba.com\\\/en\\\/#organization\"},\"potentialAction\":[{\"@type\":\"SearchAction\",\"target\":{\"@type\":\"EntryPoint\",\"urlTemplate\":\"https:\\\/\\\/www.knospe-aba.com\\\/en\\\/?s={search_term_string}\"},\"query-input\":{\"@type\":\"PropertyValueSpecification\",\"valueRequired\":true,\"valueName\":\"search_term_string\"}}],\"inLanguage\":\"en-US\"},{\"@type\":\"Organization\",\"@id\":\"https:\\\/\\\/www.knospe-aba.com\\\/en\\\/#organization\",\"name\":\"Knospe ABA GmbH\",\"alternateName\":\"Knospe ABA\",\"url\":\"https:\\\/\\\/www.knospe-aba.com\\\/en\\\/\",\"logo\":{\"@type\":\"ImageObject\",\"inLanguage\":\"en-US\",\"@id\":\"https:\\\/\\\/www.knospe-aba.com\\\/en\\\/#\\\/schema\\\/logo\\\/image\\\/\",\"url\":\"https:\\\/\\\/www.knospe-aba.com\\\/wp-content\\\/uploads\\\/2022\\\/03\\\/logo6-NEU.jpg\",\"contentUrl\":\"https:\\\/\\\/www.knospe-aba.com\\\/wp-content\\\/uploads\\\/2022\\\/03\\\/logo6-NEU.jpg\",\"width\":577,\"height\":179,\"caption\":\"Knospe ABA GmbH\"},\"image\":{\"@id\":\"https:\\\/\\\/www.knospe-aba.com\\\/en\\\/#\\\/schema\\\/logo\\\/image\\\/\"},\"sameAs\":[\"https:\\\/\\\/de-de.facebook.com\\\/RobertSchrammBCBA\",\"https:\\\/\\\/www.instagram.com\\\/knospeaba\\\/\"]}]}<\/script>\n<!-- \/ Yoast SEO plugin. -->","yoast_head_json":{"title":"Services - Knospe-ABA | Hilfe bei Autismus-Spektrum-St\u00f6rungen","robots":{"index":"index","follow":"follow","max-snippet":"max-snippet:-1","max-image-preview":"max-image-preview:large","max-video-preview":"max-video-preview:-1"},"canonical":"https:\/\/www.knospe-aba.com\/en\/foerderangebot\/","og_locale":"en_US","og_type":"article","og_title":"Services - Knospe-ABA | Hilfe bei Autismus-Spektrum-St\u00f6rungen","og_description":"[vc_row disable_element=&#8221;yes&#8221; css=&#8221;.vc_custom_1646779522053{padding-top: 50px !important;}&#8221;][vc_column][vc_single_image image=&#8221;2371&#8243; img_size=&#8221;full&#8221;][\/vc_column][\/vc_row][vc_row css=&#8221;.vc_custom_1643754078570{padding-top: 2.5em !important;padding-bottom: 10.5em !important;}&#8221;][vc_column][vc_row_inner css=&#8221;.vc_custom_1643791496225{padding-bottom: 0px !important;}&#8221;][vc_column_inner][vc_column_text] Our services include: Initial Consultation &#8211; We come to your house, assess the environment and your child while emphasizing relationship building (\u201cpairing\u201d). We begin to work directly with your child as well as teach you how to best help your child. Before we leave, we&hellip;","og_url":"https:\/\/www.knospe-aba.com\/en\/foerderangebot\/","og_site_name":"Knospe-ABA | Hilfe bei Autismus-Spektrum-St\u00f6rungen","article_publisher":"https:\/\/de-de.facebook.com\/RobertSchrammBCBA","article_modified_time":"2023-11-23T15:51:32+00:00","og_image":[{"width":577,"height":179,"url":"https:\/\/www.knospe-aba.com\/wp-content\/uploads\/2022\/03\/logo5-NEU-2.jpg","type":"image\/jpeg"}],"twitter_card":"summary_large_image","twitter_misc":{"Est. reading time":"2 minutes"},"schema":{"@context":"https:\/\/schema.org","@graph":[{"@type":"WebPage","@id":"https:\/\/www.knospe-aba.com\/en\/foerderangebot\/","url":"https:\/\/www.knospe-aba.com\/en\/foerderangebot\/","name":"Services - Knospe-ABA | Hilfe bei Autismus-Spektrum-St\u00f6rungen","isPartOf":{"@id":"https:\/\/www.knospe-aba.com\/en\/#website"},"datePublished":"2022-03-25T18:07:41+00:00","dateModified":"2023-11-23T15:51:32+00:00","inLanguage":"en-US","potentialAction":[{"@type":"ReadAction","target":["https:\/\/www.knospe-aba.com\/en\/foerderangebot\/"]}]},{"@type":"WebSite","@id":"https:\/\/www.knospe-aba.com\/en\/#website","url":"https:\/\/www.knospe-aba.com\/en\/","name":"Knospe-ABA | Hilfe bei Autismus-Spektrum-St\u00f6rungen","description":"Autismus Elterntraining, Therapie, Autismushilfe, Heilp\u00e4dgogische F\u00f6rderung, Fr\u00fchkindlicher Autismus Therapie, F\u00f6rderung Autismus, Fr\u00fchf\u00f6rderung Autismus, ABA, Sonderp\u00e4dagogische Hilfe, Autismushilfe, Autismuszentrum","publisher":{"@id":"https:\/\/www.knospe-aba.com\/en\/#organization"},"potentialAction":[{"@type":"SearchAction","target":{"@type":"EntryPoint","urlTemplate":"https:\/\/www.knospe-aba.com\/en\/?s={search_term_string}"},"query-input":{"@type":"PropertyValueSpecification","valueRequired":true,"valueName":"search_term_string"}}],"inLanguage":"en-US"},{"@type":"Organization","@id":"https:\/\/www.knospe-aba.com\/en\/#organization","name":"Knospe ABA GmbH","alternateName":"Knospe ABA","url":"https:\/\/www.knospe-aba.com\/en\/","logo":{"@type":"ImageObject","inLanguage":"en-US","@id":"https:\/\/www.knospe-aba.com\/en\/#\/schema\/logo\/image\/","url":"https:\/\/www.knospe-aba.com\/wp-content\/uploads\/2022\/03\/logo6-NEU.jpg","contentUrl":"https:\/\/www.knospe-aba.com\/wp-content\/uploads\/2022\/03\/logo6-NEU.jpg","width":577,"height":179,"caption":"Knospe ABA GmbH"},"image":{"@id":"https:\/\/www.knospe-aba.com\/en\/#\/schema\/logo\/image\/"},"sameAs":["https:\/\/de-de.facebook.com\/RobertSchrammBCBA","https:\/\/www.instagram.com\/knospeaba\/"]}]}},"_links":{"self":[{"href":"https:\/\/www.knospe-aba.com\/en\/wp-json\/wp\/v2\/pages\/2785","targetHints":{"allow":["GET"]}}],"collection":[{"href":"https:\/\/www.knospe-aba.com\/en\/wp-json\/wp\/v2\/pages"}],"about":[{"href":"https:\/\/www.knospe-aba.com\/en\/wp-json\/wp\/v2\/types\/page"}],"author":[{"embeddable":true,"href":"https:\/\/www.knospe-aba.com\/en\/wp-json\/wp\/v2\/users\/1"}],"replies":[{"embeddable":true,"href":"https:\/\/www.knospe-aba.com\/en\/wp-json\/wp\/v2\/comments?post=2785"}],"version-history":[{"count":5,"href":"https:\/\/www.knospe-aba.com\/en\/wp-json\/wp\/v2\/pages\/2785\/revisions"}],"predecessor-version":[{"id":3546,"href":"https:\/\/www.knospe-aba.com\/en\/wp-json\/wp\/v2\/pages\/2785\/revisions\/3546"}],"wp:attachment":[{"href":"https:\/\/www.knospe-aba.com\/en\/wp-json\/wp\/v2\/media?parent=2785"}],"curies":[{"name":"wp","href":"https:\/\/api.w.org\/{rel}","templated":true}]}}