{"id":2734,"date":"2022-03-25T09:31:03","date_gmt":"2022-03-25T08:31:03","guid":{"rendered":"http:\/\/new.knospe-aba.com\/impressum\/"},"modified":"2023-10-19T22:25:25","modified_gmt":"2023-10-19T20:25:25","slug":"imprint","status":"publish","type":"page","link":"https:\/\/www.knospe-aba.com\/en\/imprint\/","title":{"rendered":"Imprint"},"content":{"rendered":"<div class=\"wpb-content-wrapper\"><p>[vc_row css=&#8221;.vc_custom_1647723442894{padding-top: 4.3em !important;padding-bottom: 9.7em !important;}&#8221;][vc_column][vc_row_inner][vc_column_inner][vc_column_text]<\/p>\n<h1 style=\"text-align: center;\">Site Notice<\/h1>\n<h3 style=\"text-align: center;\">Information pursuant to Sect. 5 German Telemedia Act (TMG)<\/h3>\n<p style=\"text-align: center;\">Knospe-ABA GmbH<br \/>\nGeorgstr. 2<br \/>\n31675 B\u00fcckeburg<\/p>\n<p style=\"text-align: center;\">Commercial Register: HRB 200742<br \/>\nRegistration court: Amtsgericht Stadthagen<\/p>\n<p style=\"text-align: center;\"><strong>Represented by:<\/strong><br \/>\nNadine Schramm<br \/>\nRolf Oetken<\/p>\n<h3 style=\"text-align: center;\">Contact<\/h3>\n<p style=\"text-align: center;\">Phone: + 49.5722.9095599<br \/>\nTelefax: + 49.5722.9093666<br \/>\nE-mail: info@knospe-aba.com<\/p>\n<h3 style=\"text-align: center;\">VAT ID<\/h3>\n<p style=\"text-align: center;\">Sales tax identification number according to Sect. 27 a of the Sales Tax Law:<br \/>\nDE279353603<\/p>\n<h3 style=\"text-align: center;\">Information regarding professional liability insurance<\/h3>\n<p style=\"text-align: center;\"><strong>Name and registered office of the insurer:<\/strong><br \/>\nDebeka-Gesch\u00e4ftsstelle Koblenz<br \/>\nFriedrich-Ebert-Ring 56<br \/>\n56068 Koblenz<\/p>\n<p style=\"text-align: center;\"><strong>Scope of insurance:<\/strong><br \/>\nEuropaweit<\/p>\n<h3 style=\"text-align: center;\">Person responsible for editorial<\/h3>\n<p style=\"text-align: center;\">Nadine Schramm<br \/>\nRolf Oetken<br \/>\nGeorgstr. 2<br \/>\n31675 B\u00fcckeburg<\/p>\n<h3 style=\"text-align: center;\">EU dispute resolution<\/h3>\n<p style=\"text-align: center;\">The European Commission provides a platform for online dispute resolution (ODR): <a href=\"https:\/\/ec.europa.eu\/consumers\/odr\/\" target=\"_blank\" rel=\"noopener noreferrer\">https:\/\/ec.europa.eu\/consumers\/odr\/<\/a>.<br \/>\nOur e-mail address can be found above in the site notice.<\/p>\n<h3 style=\"text-align: center;\">Dispute resolution proceedings in front of a consumer arbitration board<\/h3>\n<p style=\"text-align: center;\">We are not willing or obliged to participate in dispute resolution proceedings in front of a consumer arbitration board.<\/p>\n<h3 style=\"text-align: center;\">Concept, design, programming and web hosting<\/h3>\n<p style=\"text-align: center;\">HMF-IT<br \/>\nWeb design &#8211; SEO &#8211; Web development &#8211; IT<br \/>\nFon: +49 (0) 541.99 870 847<br \/>\nWeb: <a href=\"http:\/\/www.hmf-it.de\/\" target=\"_blank\" rel=\"noopener\">www.hmf-it.de<\/a><br \/>\nMail: <span id=\"cloak97270\"><span id=\"cloak81372\"><a href=\"mailto:info@hmf-it.de\">info@hmf-it.de<\/a><\/span><\/span><\/p>\n<h3 style=\"text-align: center;\">Photography<\/h3>\n<p style=\"text-align: center;\">Happy autism boy during therapy with school tutor, learning and having fun together<br \/>\n\u00a9 Von \u0410\u043b\u0435\u043a\u0441\u0438\u0439 \u042f\u0441\u043a\u0435\u0432\u0438\u0447 \u2013 Adobe Stock<\/p>\n<p style=\"text-align: center;\">Portrait of happy young family at home<br \/>\n\u00a9 Von Pixel-Shot \u2013 Adobe Stock<\/p>\n<p style=\"text-align: center;\">Child doing balance exercises<br \/>\n\u00a9 Von Photographee.eu \u2013 Adobe Stock<\/p>\n<p style=\"text-align: center;\">Young beautiful teacher and toddlers playing meals using plastic food and cutlery toy at kindergarten<br \/>\n\u00a9 Von Krakenimages.com \u2013 Adobe Stock<\/p>\n<p style=\"text-align: center;\">Little boy during lesson with his speech therapist. Learning thr \u00a9 Von Mediteraneo \u2013 Adobe Stock<\/p>\n<p>[\/vc_column_text][\/vc_column_inner][\/vc_row_inner][\/vc_column][\/vc_row]<\/p>\n<\/div>","protected":false},"excerpt":{"rendered":"<p>[vc_row css=&#8221;.vc_custom_1647723442894{padding-top: 4.3em !important;padding-bottom: 9.7em !important;}&#8221;][vc_column][vc_row_inner][vc_column_inner][vc_column_text] Site Notice Information pursuant to Sect. 5 German Telemedia Act (TMG) Knospe-ABA GmbH Georgstr. 2 31675 B\u00fcckeburg Commercial Register: HRB 200742 Registration court: Amtsgericht Stadthagen Represented by: Nadine Schramm Rolf Oetken Contact Phone: + 49.5722.9095599 Telefax: + 49.5722.9093666 E-mail: info@knospe-aba.com VAT ID Sales tax identification number according to Sect. 27 a of the Sales&hellip;<\/p>\n","protected":false},"author":1,"featured_media":0,"parent":0,"menu_order":0,"comment_status":"closed","ping_status":"closed","template":"","meta":{"footnotes":""},"class_list":["post-2734","page","type-page","status-publish","hentry"],"yoast_head":"<!-- This site is optimized with the Yoast SEO plugin v27.4 - https:\/\/yoast.com\/product\/yoast-seo-wordpress\/ -->\n<title>Imprint - Knospe-ABA | Hilfe bei Autismus-Spektrum-St\u00f6rungen<\/title>\n<meta name=\"robots\" content=\"index, follow, max-snippet:-1, max-image-preview:large, max-video-preview:-1\" \/>\n<link rel=\"canonical\" href=\"https:\/\/www.knospe-aba.com\/en\/imprint\/\" \/>\n<meta property=\"og:locale\" content=\"en_US\" \/>\n<meta property=\"og:type\" content=\"article\" \/>\n<meta property=\"og:title\" content=\"Imprint - Knospe-ABA | Hilfe bei Autismus-Spektrum-St\u00f6rungen\" \/>\n<meta property=\"og:description\" content=\"[vc_row css=&#8221;.vc_custom_1647723442894{padding-top: 4.3em !important;padding-bottom: 9.7em !important;}&#8221;][vc_column][vc_row_inner][vc_column_inner][vc_column_text] Site Notice Information pursuant to Sect. 5 German Telemedia Act (TMG) Knospe-ABA GmbH Georgstr. 2 31675 B\u00fcckeburg Commercial Register: HRB 200742 Registration court: Amtsgericht Stadthagen Represented by: Nadine Schramm Rolf Oetken Contact Phone: + 49.5722.9095599 Telefax: + 49.5722.9093666 E-mail: info@knospe-aba.com VAT ID Sales tax identification number according to Sect. 27 a of the Sales&hellip;\" \/>\n<meta property=\"og:url\" content=\"https:\/\/www.knospe-aba.com\/en\/imprint\/\" \/>\n<meta property=\"og:site_name\" content=\"Knospe-ABA | Hilfe bei Autismus-Spektrum-St\u00f6rungen\" \/>\n<meta property=\"article:publisher\" content=\"https:\/\/de-de.facebook.com\/RobertSchrammBCBA\" \/>\n<meta property=\"article:modified_time\" content=\"2023-10-19T20:25:25+00:00\" \/>\n<meta property=\"og:image\" content=\"https:\/\/www.knospe-aba.com\/wp-content\/uploads\/2022\/03\/logo5-NEU-2.jpg\" \/>\n\t<meta property=\"og:image:width\" content=\"577\" \/>\n\t<meta property=\"og:image:height\" content=\"179\" \/>\n\t<meta property=\"og:image:type\" content=\"image\/jpeg\" \/>\n<meta name=\"twitter:card\" content=\"summary_large_image\" \/>\n<meta name=\"twitter:label1\" content=\"Est. reading time\" \/>\n\t<meta name=\"twitter:data1\" content=\"2 minutes\" \/>\n<script type=\"application\/ld+json\" class=\"yoast-schema-graph\">{\"@context\":\"https:\\\/\\\/schema.org\",\"@graph\":[{\"@type\":\"WebPage\",\"@id\":\"https:\\\/\\\/www.knospe-aba.com\\\/en\\\/imprint\\\/\",\"url\":\"https:\\\/\\\/www.knospe-aba.com\\\/en\\\/imprint\\\/\",\"name\":\"Imprint - Knospe-ABA | Hilfe bei Autismus-Spektrum-St\u00f6rungen\",\"isPartOf\":{\"@id\":\"https:\\\/\\\/www.knospe-aba.com\\\/en\\\/#website\"},\"datePublished\":\"2022-03-25T08:31:03+00:00\",\"dateModified\":\"2023-10-19T20:25:25+00:00\",\"inLanguage\":\"en-US\",\"potentialAction\":[{\"@type\":\"ReadAction\",\"target\":[\"https:\\\/\\\/www.knospe-aba.com\\\/en\\\/imprint\\\/\"]}]},{\"@type\":\"WebSite\",\"@id\":\"https:\\\/\\\/www.knospe-aba.com\\\/en\\\/#website\",\"url\":\"https:\\\/\\\/www.knospe-aba.com\\\/en\\\/\",\"name\":\"Knospe-ABA | Hilfe bei Autismus-Spektrum-St\u00f6rungen\",\"description\":\"Autismus Elterntraining, Therapie, Autismushilfe, Heilp\u00e4dgogische F\u00f6rderung, Fr\u00fchkindlicher Autismus Therapie, F\u00f6rderung Autismus, Fr\u00fchf\u00f6rderung Autismus, ABA, Sonderp\u00e4dagogische Hilfe, Autismushilfe, Autismuszentrum\",\"publisher\":{\"@id\":\"https:\\\/\\\/www.knospe-aba.com\\\/en\\\/#organization\"},\"potentialAction\":[{\"@type\":\"SearchAction\",\"target\":{\"@type\":\"EntryPoint\",\"urlTemplate\":\"https:\\\/\\\/www.knospe-aba.com\\\/en\\\/?s={search_term_string}\"},\"query-input\":{\"@type\":\"PropertyValueSpecification\",\"valueRequired\":true,\"valueName\":\"search_term_string\"}}],\"inLanguage\":\"en-US\"},{\"@type\":\"Organization\",\"@id\":\"https:\\\/\\\/www.knospe-aba.com\\\/en\\\/#organization\",\"name\":\"Knospe ABA GmbH\",\"alternateName\":\"Knospe ABA\",\"url\":\"https:\\\/\\\/www.knospe-aba.com\\\/en\\\/\",\"logo\":{\"@type\":\"ImageObject\",\"inLanguage\":\"en-US\",\"@id\":\"https:\\\/\\\/www.knospe-aba.com\\\/en\\\/#\\\/schema\\\/logo\\\/image\\\/\",\"url\":\"https:\\\/\\\/www.knospe-aba.com\\\/wp-content\\\/uploads\\\/2022\\\/03\\\/logo6-NEU.jpg\",\"contentUrl\":\"https:\\\/\\\/www.knospe-aba.com\\\/wp-content\\\/uploads\\\/2022\\\/03\\\/logo6-NEU.jpg\",\"width\":577,\"height\":179,\"caption\":\"Knospe ABA GmbH\"},\"image\":{\"@id\":\"https:\\\/\\\/www.knospe-aba.com\\\/en\\\/#\\\/schema\\\/logo\\\/image\\\/\"},\"sameAs\":[\"https:\\\/\\\/de-de.facebook.com\\\/RobertSchrammBCBA\",\"https:\\\/\\\/www.instagram.com\\\/knospeaba\\\/\"]}]}<\/script>\n<!-- \/ Yoast SEO plugin. -->","yoast_head_json":{"title":"Imprint - Knospe-ABA | Hilfe bei Autismus-Spektrum-St\u00f6rungen","robots":{"index":"index","follow":"follow","max-snippet":"max-snippet:-1","max-image-preview":"max-image-preview:large","max-video-preview":"max-video-preview:-1"},"canonical":"https:\/\/www.knospe-aba.com\/en\/imprint\/","og_locale":"en_US","og_type":"article","og_title":"Imprint - Knospe-ABA | Hilfe bei Autismus-Spektrum-St\u00f6rungen","og_description":"[vc_row css=&#8221;.vc_custom_1647723442894{padding-top: 4.3em !important;padding-bottom: 9.7em !important;}&#8221;][vc_column][vc_row_inner][vc_column_inner][vc_column_text] Site Notice Information pursuant to Sect. 5 German Telemedia Act (TMG) Knospe-ABA GmbH Georgstr. 2 31675 B\u00fcckeburg Commercial Register: HRB 200742 Registration court: Amtsgericht Stadthagen Represented by: Nadine Schramm Rolf Oetken Contact Phone: + 49.5722.9095599 Telefax: + 49.5722.9093666 E-mail: info@knospe-aba.com VAT ID Sales tax identification number according to Sect. 27 a of the Sales&hellip;","og_url":"https:\/\/www.knospe-aba.com\/en\/imprint\/","og_site_name":"Knospe-ABA | Hilfe bei Autismus-Spektrum-St\u00f6rungen","article_publisher":"https:\/\/de-de.facebook.com\/RobertSchrammBCBA","article_modified_time":"2023-10-19T20:25:25+00:00","og_image":[{"width":577,"height":179,"url":"https:\/\/www.knospe-aba.com\/wp-content\/uploads\/2022\/03\/logo5-NEU-2.jpg","type":"image\/jpeg"}],"twitter_card":"summary_large_image","twitter_misc":{"Est. reading time":"2 minutes"},"schema":{"@context":"https:\/\/schema.org","@graph":[{"@type":"WebPage","@id":"https:\/\/www.knospe-aba.com\/en\/imprint\/","url":"https:\/\/www.knospe-aba.com\/en\/imprint\/","name":"Imprint - Knospe-ABA | Hilfe bei Autismus-Spektrum-St\u00f6rungen","isPartOf":{"@id":"https:\/\/www.knospe-aba.com\/en\/#website"},"datePublished":"2022-03-25T08:31:03+00:00","dateModified":"2023-10-19T20:25:25+00:00","inLanguage":"en-US","potentialAction":[{"@type":"ReadAction","target":["https:\/\/www.knospe-aba.com\/en\/imprint\/"]}]},{"@type":"WebSite","@id":"https:\/\/www.knospe-aba.com\/en\/#website","url":"https:\/\/www.knospe-aba.com\/en\/","name":"Knospe-ABA | Hilfe bei Autismus-Spektrum-St\u00f6rungen","description":"Autismus Elterntraining, Therapie, Autismushilfe, Heilp\u00e4dgogische F\u00f6rderung, Fr\u00fchkindlicher Autismus Therapie, F\u00f6rderung Autismus, Fr\u00fchf\u00f6rderung Autismus, ABA, Sonderp\u00e4dagogische Hilfe, Autismushilfe, Autismuszentrum","publisher":{"@id":"https:\/\/www.knospe-aba.com\/en\/#organization"},"potentialAction":[{"@type":"SearchAction","target":{"@type":"EntryPoint","urlTemplate":"https:\/\/www.knospe-aba.com\/en\/?s={search_term_string}"},"query-input":{"@type":"PropertyValueSpecification","valueRequired":true,"valueName":"search_term_string"}}],"inLanguage":"en-US"},{"@type":"Organization","@id":"https:\/\/www.knospe-aba.com\/en\/#organization","name":"Knospe ABA GmbH","alternateName":"Knospe ABA","url":"https:\/\/www.knospe-aba.com\/en\/","logo":{"@type":"ImageObject","inLanguage":"en-US","@id":"https:\/\/www.knospe-aba.com\/en\/#\/schema\/logo\/image\/","url":"https:\/\/www.knospe-aba.com\/wp-content\/uploads\/2022\/03\/logo6-NEU.jpg","contentUrl":"https:\/\/www.knospe-aba.com\/wp-content\/uploads\/2022\/03\/logo6-NEU.jpg","width":577,"height":179,"caption":"Knospe ABA GmbH"},"image":{"@id":"https:\/\/www.knospe-aba.com\/en\/#\/schema\/logo\/image\/"},"sameAs":["https:\/\/de-de.facebook.com\/RobertSchrammBCBA","https:\/\/www.instagram.com\/knospeaba\/"]}]}},"_links":{"self":[{"href":"https:\/\/www.knospe-aba.com\/en\/wp-json\/wp\/v2\/pages\/2734","targetHints":{"allow":["GET"]}}],"collection":[{"href":"https:\/\/www.knospe-aba.com\/en\/wp-json\/wp\/v2\/pages"}],"about":[{"href":"https:\/\/www.knospe-aba.com\/en\/wp-json\/wp\/v2\/types\/page"}],"author":[{"embeddable":true,"href":"https:\/\/www.knospe-aba.com\/en\/wp-json\/wp\/v2\/users\/1"}],"replies":[{"embeddable":true,"href":"https:\/\/www.knospe-aba.com\/en\/wp-json\/wp\/v2\/comments?post=2734"}],"version-history":[{"count":5,"href":"https:\/\/www.knospe-aba.com\/en\/wp-json\/wp\/v2\/pages\/2734\/revisions"}],"predecessor-version":[{"id":3490,"href":"https:\/\/www.knospe-aba.com\/en\/wp-json\/wp\/v2\/pages\/2734\/revisions\/3490"}],"wp:attachment":[{"href":"https:\/\/www.knospe-aba.com\/en\/wp-json\/wp\/v2\/media?parent=2734"}],"curies":[{"name":"wp","href":"https:\/\/api.w.org\/{rel}","templated":true}]}}