{"id":2724,"date":"2022-03-25T19:17:25","date_gmt":"2022-03-25T18:17:25","guid":{"rendered":"http:\/\/new.knospe-aba.com\/was-sind-autismus-spektrum-stoerungen\/"},"modified":"2022-03-27T15:10:28","modified_gmt":"2022-03-27T13:10:28","slug":"was-sind-autismus-spektrum-stoerungen","status":"publish","type":"page","link":"https:\/\/www.knospe-aba.com\/en\/was-sind-autismus-spektrum-stoerungen\/","title":{"rendered":"Was sind Autismus-Spektrum-St\u00f6rungen?"},"content":{"rendered":"<div class=\"wpb-content-wrapper\"><p>[vc_row css=&#8221;.vc_custom_1643754031028{padding-top: 50px !important;}&#8221;][vc_column][vc_single_image image=&#8221;2340&#8243; img_size=&#8221;full&#8221;][\/vc_column][\/vc_row][vc_row css=&#8221;.vc_custom_1643754078570{padding-top: 2.5em !important;padding-bottom: 10.5em !important;}&#8221;][vc_column]<div id=\"sc_title_1597448775\"\r\n\t\tclass=\"sc_title sc_title_default  vc_custom_1646782256540\"><h2 class=\"sc_item_title sc_title_title sc_align_left sc_item_title_style_default sc_item_title_tag\">Was sind Autismus-Spektrum-St\u00f6rungen?<\/h2><\/div><!-- \/.sc_title -->[vc_row_inner css=&#8221;.vc_custom_1643791496225{padding-bottom: 0px !important;}&#8221;][vc_column_inner][vc_column_text]<em>von Isabel Huth, Dipl.-Psychologin<\/em><\/p>\n<p>Unter <strong>Autismus-Spektrum-St\u00f6rungen (ASS)<\/strong> werden heutzutage, in Anlehnung an die neuste Version des DSM (DSM-5 Mai 2013), eine Reihe von tiefgreifenden Entwicklungsst\u00f6rungen zusammengefasst, die in Auspr\u00e4gung und Schweregrad stark variieren. Nach wie vor weit verbreitet und mit bestimmten Vorstellungen \u00fcber Erscheinungsbilder vorherrschend sind die Bezeichnungen wie Asperger-Syndrom, Fr\u00fchkindlicher-Autismus oder Kanner-Autismus, atypischer Autismus oder nicht n\u00e4her spezifizierte tiefgreifende Entwicklungsst\u00f6rungen. Die \u00dcberg\u00e4nge zwischen diesen einzelnen St\u00f6rungsbildern sind aber flie\u00dfend und diagnostisch nicht deutlich voneinander abzugrenzen. Die Annahme eines St\u00f6rungskontinuums mit jeweils h\u00f6chst individueller Auspr\u00e4gung in Form von Schwere und Ausma\u00df der Verhaltensst\u00f6rung bilden daher die Realit\u00e4t besser ab und werden den Betroffenen deutlich gerechter.<\/p>\n<p>Zur Entstehung und Manifestation der St\u00f6rung gibt es viele Ans\u00e4tze. Angenommen werden hirnorganische Ver\u00e4nderungen, wie z.B. Auff\u00e4lligkeiten bzw. Andersartigkeit der Funktion der Spiegelneuronen, ma\u00dfgeblich beteiligt an der F\u00e4higkeit zur Imitation. Insgesamt scheinen sich die neuronalen Netzwerke anders zu vernetzen.\u00a0<strong>Autismus-Spektrum-St\u00f6rungen<\/strong> k\u00f6nnten daher auch als Wahrnehmungsst\u00f6rung verstanden werden. Dar\u00fcber hinaus gibt es keine physischen Auff\u00e4lligkeiten, keine DNA- oder Bluttests, die auf\u00a0Autismus-Spektrum-St\u00f6rungen hinweisen. Eine biologische und\/oder genetische Ursache wird aber angenommen. Im Allgemeinen f\u00e4llt bei Betroffenen eine deutlich geringere Motivation lernen und kooperieren zu wollen auf.<\/p>\n<p>Durch Verhaltensbeobachtung und Frageb\u00f6gen werden 3 Hauptbereiche diagnostisch \u00fcberpr\u00fcft, in denen es zur Stellung der Diagnose zu gen\u00fcgend Defiziten oder Auff\u00e4lligkeiten kommen muss. Diese Bereiche sind:<\/p>\n<ul>\n<li>Kommunikationsverhalten<\/li>\n<li>Interessen und Stereotypien<\/li>\n<li>InteraktionsverhaltenIn diesem Zusammenhang wird auch von der <strong>Autismus-Spektrum-St\u00f6rungen-Trias<\/strong> gesprochen.<\/li>\n<\/ul>\n<p>Im Bereich Kommunikation bleibt in den ersten 3 Lebensjahren oft schon die Entwicklung der funktionellen Sprache, das verbale Imitieren oder die spontane Lautartikulation aus, bzw. weit hinter einer neurotypischen Entwicklung zur\u00fcck. Das Fehlen der fr\u00fchkindlichen Sprach\u00fcbungen kann auch Auswirkungen auf sp\u00e4teres Kommunizieren haben, auch wenn gesprochene Sprache oder eine andere Form der Kommunikation immer noch erlernt werden kann. Folgenden Auff\u00e4lligkeiten werden beobachtet: Echolalie, Neologismen, Pronominalumkehr, von sich in der 3. Person oder nur mit Namen sprechen, kein Verst\u00e4ndnis f\u00fcr Ironie\/Sarkasmus, kein \u201ezwischen den Zeilen lesen\u201c, Gestik und Mimik k\u00f6nnen nur schwer gelesen werden und sind schwer lesbar f\u00fcr andere, da Kommunikation selbst fast ohne Ausdruck und Betonung verl\u00e4uft.<\/p>\n<p>Im Bereich Interessen sind starke Einschr\u00e4nkungen bis zu stereotypen Verhaltensweisen zu beobachten. Klare Strukturen und Routinen werden bevorzugt. Die Kinder sind auf der Suche nach st\u00e4ndig sich wiederholendem sensorischem Input (Rieseln, Wedeln, Rollen, Lichteffekte), aber auch nach starken Reizen (Trampolin springen, Schaukeln, sich einrollen in Matratzen), wobei andere bestimmte Reize konsequent vermieden werden k\u00f6nnten. Zu beobachten ist auch eine ausschweifende Besch\u00e4ftigung mit einem Spezialgebiet sowie immer wieder enormes Wissen in diesem einen speziellen Bereich.<\/p>\n<p>Schon im Kleinkindalter fallen Besonderheiten in der Interaktion auf. So fehlt oft das \u201eSo-tun-als-ob-Spiel\u201c. Es kann sich nur eingeschr\u00e4nkt in andere Hineinversetzt werden. Die Emotionen und das innere Erleben kreisen um eigene Gedanken, Gef\u00fchle und Meinungen. Es herrscht ein unzureichendes Verst\u00e4ndnis dar\u00fcber vor, dass jeder eine eigene Sicht, eigene Wahrnehmung von Situationen, Erlebnissen, etc. hat. Oft fehlt es an Sensibilit\u00e4t bez\u00fcglich des eigenen privaten Bereichs und des anderer. H\u00e4ufig ist zu beobachten, dass K\u00f6rper- und\/oder Blickkontakt vermieden werden, obwohl oft auch beobachtet werden kann, dass Kitzeln, Kuscheln, Toben genossen wird und ein gro\u00dfes Interesse daran besteht, Zentrum der Aufmerksamkeit zu sein.<\/p>\n<p><strong>Zusammengefasst l\u00e4sst sich festhalten,\u00a0Autismus-Spektrum-St\u00f6rungen ist eine Besonderheit, besonders sind Verhalten, Kommunikation und Interessen betroffen.<\/strong><\/p>\n<p><strong>Betroffene\u2026<\/strong><\/p>\n<ul>\n<li><strong>lernen anders, Gehirn funktioniert spezialisierter, ben\u00f6tigen individuelle Hilfen und Differenzierungen, einen etwas anderen Ansatz<\/strong><\/li>\n<li><strong>lernen Lesen, Mathematik, Umgang mit Computer oft noch vor dem Sprechen, aber nur m\u00fchsam Interaktion und soziales Verhalten<\/strong><\/li>\n<li><strong>haben wenige Interessen, k\u00f6nnen darin aber Experten sein<\/strong><\/li>\n<li><strong>haben eine andere Wahrnehmung: h\u00f6ren, sehen, riechen, schmecken intensiver, sind dadurch leichter ge-\/\u00fcberreizt, gestresst, abgelenkt<\/strong><\/li>\n<li><strong>orientieren sich oftmals an gleichen Abl\u00e4ufen und Routinen, frustrieren wenn etwas nicht wie geplant l\u00e4uft<\/strong><\/li>\n<li><strong>verstehen oft nicht, was andere denken, f\u00fchlen, meinen; lesen nur schwer K\u00f6rpersprache und Mimik \u2013 es kommt zu Missverst\u00e4ndnissen<\/strong><\/li>\n<li><strong>viele w\u00fcnschen sich soziale Kontakte, verhalten sich aber ungeschickt, ecken an<\/strong><\/li>\n<\/ul>\n<p>[\/vc_column_text][\/vc_column_inner][\/vc_row_inner]<div class=\"sc_layouts sc_layouts_default sc_layouts_none\"><\/div>[\/vc_column][\/vc_row]<\/p>\n<\/div>","protected":false},"excerpt":{"rendered":"<p>[vc_row css=&#8221;.vc_custom_1643754031028{padding-top: 50px !important;}&#8221;][vc_column][vc_single_image image=&#8221;2340&#8243; img_size=&#8221;full&#8221;][\/vc_column][\/vc_row][vc_row css=&#8221;.vc_custom_1643754078570{padding-top: 2.5em !important;padding-bottom: 10.5em !important;}&#8221;][vc_column][vc_row_inner css=&#8221;.vc_custom_1643791496225{padding-bottom: 0px !important;}&#8221;][vc_column_inner][vc_column_text]von Isabel Huth, Dipl.-Psychologin Unter Autismus-Spektrum-St\u00f6rungen (ASS) werden heutzutage, in Anlehnung an die neuste Version des DSM (DSM-5 Mai 2013), eine Reihe von tiefgreifenden Entwicklungsst\u00f6rungen zusammengefasst, die in Auspr\u00e4gung und Schweregrad stark variieren. Nach wie vor weit verbreitet und mit bestimmten Vorstellungen \u00fcber Erscheinungsbilder vorherrschend sind die&hellip;<\/p>\n","protected":false},"author":1,"featured_media":0,"parent":0,"menu_order":0,"comment_status":"closed","ping_status":"closed","template":"","meta":{"footnotes":""},"class_list":["post-2724","page","type-page","status-publish","hentry"],"yoast_head":"<!-- This site is optimized with the Yoast SEO plugin v27.5 - https:\/\/yoast.com\/product\/yoast-seo-wordpress\/ -->\n<title>Was sind Autismus-Spektrum-St\u00f6rungen? - Knospe-ABA | Hilfe bei Autismus-Spektrum-St\u00f6rungen<\/title>\n<meta name=\"robots\" content=\"index, follow, max-snippet:-1, max-image-preview:large, max-video-preview:-1\" \/>\n<link rel=\"canonical\" href=\"https:\/\/www.knospe-aba.com\/en\/was-sind-autismus-spektrum-stoerungen\/\" \/>\n<meta property=\"og:locale\" content=\"en_US\" \/>\n<meta property=\"og:type\" content=\"article\" \/>\n<meta property=\"og:title\" content=\"Was sind Autismus-Spektrum-St\u00f6rungen? - Knospe-ABA | Hilfe bei Autismus-Spektrum-St\u00f6rungen\" \/>\n<meta property=\"og:description\" content=\"[vc_row css=&#8221;.vc_custom_1643754031028{padding-top: 50px !important;}&#8221;][vc_column][vc_single_image image=&#8221;2340&#8243; img_size=&#8221;full&#8221;][\/vc_column][\/vc_row][vc_row css=&#8221;.vc_custom_1643754078570{padding-top: 2.5em !important;padding-bottom: 10.5em !important;}&#8221;][vc_column][vc_row_inner css=&#8221;.vc_custom_1643791496225{padding-bottom: 0px !important;}&#8221;][vc_column_inner][vc_column_text]von Isabel Huth, Dipl.-Psychologin Unter Autismus-Spektrum-St\u00f6rungen (ASS) werden heutzutage, in Anlehnung an die neuste Version des DSM (DSM-5 Mai 2013), eine Reihe von tiefgreifenden Entwicklungsst\u00f6rungen zusammengefasst, die in Auspr\u00e4gung und Schweregrad stark variieren. Nach wie vor weit verbreitet und mit bestimmten Vorstellungen \u00fcber Erscheinungsbilder vorherrschend sind die&hellip;\" \/>\n<meta property=\"og:url\" content=\"https:\/\/www.knospe-aba.com\/en\/was-sind-autismus-spektrum-stoerungen\/\" \/>\n<meta property=\"og:site_name\" content=\"Knospe-ABA | Hilfe bei Autismus-Spektrum-St\u00f6rungen\" \/>\n<meta property=\"article:publisher\" content=\"https:\/\/de-de.facebook.com\/RobertSchrammBCBA\" \/>\n<meta property=\"article:modified_time\" content=\"2022-03-27T13:10:28+00:00\" \/>\n<meta property=\"og:image\" content=\"https:\/\/www.knospe-aba.com\/wp-content\/uploads\/2022\/03\/logo5-NEU-2.jpg\" \/>\n\t<meta property=\"og:image:width\" content=\"577\" \/>\n\t<meta property=\"og:image:height\" content=\"179\" \/>\n\t<meta property=\"og:image:type\" content=\"image\/jpeg\" \/>\n<meta name=\"twitter:card\" content=\"summary_large_image\" \/>\n<meta name=\"twitter:label1\" content=\"Est. reading time\" \/>\n\t<meta name=\"twitter:data1\" content=\"4 minutes\" \/>\n<script type=\"application\/ld+json\" class=\"yoast-schema-graph\">{\"@context\":\"https:\\\/\\\/schema.org\",\"@graph\":[{\"@type\":\"WebPage\",\"@id\":\"https:\\\/\\\/www.knospe-aba.com\\\/en\\\/was-sind-autismus-spektrum-stoerungen\\\/\",\"url\":\"https:\\\/\\\/www.knospe-aba.com\\\/en\\\/was-sind-autismus-spektrum-stoerungen\\\/\",\"name\":\"Was sind Autismus-Spektrum-St\u00f6rungen? - Knospe-ABA | Hilfe bei Autismus-Spektrum-St\u00f6rungen\",\"isPartOf\":{\"@id\":\"https:\\\/\\\/www.knospe-aba.com\\\/en\\\/#website\"},\"datePublished\":\"2022-03-25T18:17:25+00:00\",\"dateModified\":\"2022-03-27T13:10:28+00:00\",\"inLanguage\":\"en-US\",\"potentialAction\":[{\"@type\":\"ReadAction\",\"target\":[\"https:\\\/\\\/www.knospe-aba.com\\\/en\\\/was-sind-autismus-spektrum-stoerungen\\\/\"]}]},{\"@type\":\"WebSite\",\"@id\":\"https:\\\/\\\/www.knospe-aba.com\\\/en\\\/#website\",\"url\":\"https:\\\/\\\/www.knospe-aba.com\\\/en\\\/\",\"name\":\"Knospe-ABA | Hilfe bei Autismus-Spektrum-St\u00f6rungen\",\"description\":\"Autismus Elterntraining, Therapie, Autismushilfe, Heilp\u00e4dgogische F\u00f6rderung, Fr\u00fchkindlicher Autismus Therapie, F\u00f6rderung Autismus, Fr\u00fchf\u00f6rderung Autismus, ABA, Sonderp\u00e4dagogische Hilfe, Autismushilfe, Autismuszentrum\",\"publisher\":{\"@id\":\"https:\\\/\\\/www.knospe-aba.com\\\/en\\\/#organization\"},\"potentialAction\":[{\"@type\":\"SearchAction\",\"target\":{\"@type\":\"EntryPoint\",\"urlTemplate\":\"https:\\\/\\\/www.knospe-aba.com\\\/en\\\/?s={search_term_string}\"},\"query-input\":{\"@type\":\"PropertyValueSpecification\",\"valueRequired\":true,\"valueName\":\"search_term_string\"}}],\"inLanguage\":\"en-US\"},{\"@type\":\"Organization\",\"@id\":\"https:\\\/\\\/www.knospe-aba.com\\\/en\\\/#organization\",\"name\":\"Knospe ABA GmbH\",\"alternateName\":\"Knospe ABA\",\"url\":\"https:\\\/\\\/www.knospe-aba.com\\\/en\\\/\",\"logo\":{\"@type\":\"ImageObject\",\"inLanguage\":\"en-US\",\"@id\":\"https:\\\/\\\/www.knospe-aba.com\\\/en\\\/#\\\/schema\\\/logo\\\/image\\\/\",\"url\":\"https:\\\/\\\/www.knospe-aba.com\\\/wp-content\\\/uploads\\\/2022\\\/03\\\/logo6-NEU.jpg\",\"contentUrl\":\"https:\\\/\\\/www.knospe-aba.com\\\/wp-content\\\/uploads\\\/2022\\\/03\\\/logo6-NEU.jpg\",\"width\":577,\"height\":179,\"caption\":\"Knospe ABA GmbH\"},\"image\":{\"@id\":\"https:\\\/\\\/www.knospe-aba.com\\\/en\\\/#\\\/schema\\\/logo\\\/image\\\/\"},\"sameAs\":[\"https:\\\/\\\/de-de.facebook.com\\\/RobertSchrammBCBA\",\"https:\\\/\\\/www.instagram.com\\\/knospeaba\\\/\"]}]}<\/script>\n<!-- \/ Yoast SEO plugin. -->","yoast_head_json":{"title":"Was sind Autismus-Spektrum-St\u00f6rungen? - Knospe-ABA | Hilfe bei Autismus-Spektrum-St\u00f6rungen","robots":{"index":"index","follow":"follow","max-snippet":"max-snippet:-1","max-image-preview":"max-image-preview:large","max-video-preview":"max-video-preview:-1"},"canonical":"https:\/\/www.knospe-aba.com\/en\/was-sind-autismus-spektrum-stoerungen\/","og_locale":"en_US","og_type":"article","og_title":"Was sind Autismus-Spektrum-St\u00f6rungen? - Knospe-ABA | Hilfe bei Autismus-Spektrum-St\u00f6rungen","og_description":"[vc_row css=&#8221;.vc_custom_1643754031028{padding-top: 50px !important;}&#8221;][vc_column][vc_single_image image=&#8221;2340&#8243; img_size=&#8221;full&#8221;][\/vc_column][\/vc_row][vc_row css=&#8221;.vc_custom_1643754078570{padding-top: 2.5em !important;padding-bottom: 10.5em !important;}&#8221;][vc_column][vc_row_inner css=&#8221;.vc_custom_1643791496225{padding-bottom: 0px !important;}&#8221;][vc_column_inner][vc_column_text]von Isabel Huth, Dipl.-Psychologin Unter Autismus-Spektrum-St\u00f6rungen (ASS) werden heutzutage, in Anlehnung an die neuste Version des DSM (DSM-5 Mai 2013), eine Reihe von tiefgreifenden Entwicklungsst\u00f6rungen zusammengefasst, die in Auspr\u00e4gung und Schweregrad stark variieren. Nach wie vor weit verbreitet und mit bestimmten Vorstellungen \u00fcber Erscheinungsbilder vorherrschend sind die&hellip;","og_url":"https:\/\/www.knospe-aba.com\/en\/was-sind-autismus-spektrum-stoerungen\/","og_site_name":"Knospe-ABA | Hilfe bei Autismus-Spektrum-St\u00f6rungen","article_publisher":"https:\/\/de-de.facebook.com\/RobertSchrammBCBA","article_modified_time":"2022-03-27T13:10:28+00:00","og_image":[{"width":577,"height":179,"url":"https:\/\/www.knospe-aba.com\/wp-content\/uploads\/2022\/03\/logo5-NEU-2.jpg","type":"image\/jpeg"}],"twitter_card":"summary_large_image","twitter_misc":{"Est. reading time":"4 minutes"},"schema":{"@context":"https:\/\/schema.org","@graph":[{"@type":"WebPage","@id":"https:\/\/www.knospe-aba.com\/en\/was-sind-autismus-spektrum-stoerungen\/","url":"https:\/\/www.knospe-aba.com\/en\/was-sind-autismus-spektrum-stoerungen\/","name":"Was sind Autismus-Spektrum-St\u00f6rungen? - Knospe-ABA | Hilfe bei Autismus-Spektrum-St\u00f6rungen","isPartOf":{"@id":"https:\/\/www.knospe-aba.com\/en\/#website"},"datePublished":"2022-03-25T18:17:25+00:00","dateModified":"2022-03-27T13:10:28+00:00","inLanguage":"en-US","potentialAction":[{"@type":"ReadAction","target":["https:\/\/www.knospe-aba.com\/en\/was-sind-autismus-spektrum-stoerungen\/"]}]},{"@type":"WebSite","@id":"https:\/\/www.knospe-aba.com\/en\/#website","url":"https:\/\/www.knospe-aba.com\/en\/","name":"Knospe-ABA | Hilfe bei Autismus-Spektrum-St\u00f6rungen","description":"Autismus Elterntraining, Therapie, Autismushilfe, Heilp\u00e4dgogische F\u00f6rderung, Fr\u00fchkindlicher Autismus Therapie, F\u00f6rderung Autismus, Fr\u00fchf\u00f6rderung Autismus, ABA, Sonderp\u00e4dagogische Hilfe, Autismushilfe, Autismuszentrum","publisher":{"@id":"https:\/\/www.knospe-aba.com\/en\/#organization"},"potentialAction":[{"@type":"SearchAction","target":{"@type":"EntryPoint","urlTemplate":"https:\/\/www.knospe-aba.com\/en\/?s={search_term_string}"},"query-input":{"@type":"PropertyValueSpecification","valueRequired":true,"valueName":"search_term_string"}}],"inLanguage":"en-US"},{"@type":"Organization","@id":"https:\/\/www.knospe-aba.com\/en\/#organization","name":"Knospe ABA GmbH","alternateName":"Knospe ABA","url":"https:\/\/www.knospe-aba.com\/en\/","logo":{"@type":"ImageObject","inLanguage":"en-US","@id":"https:\/\/www.knospe-aba.com\/en\/#\/schema\/logo\/image\/","url":"https:\/\/www.knospe-aba.com\/wp-content\/uploads\/2022\/03\/logo6-NEU.jpg","contentUrl":"https:\/\/www.knospe-aba.com\/wp-content\/uploads\/2022\/03\/logo6-NEU.jpg","width":577,"height":179,"caption":"Knospe ABA GmbH"},"image":{"@id":"https:\/\/www.knospe-aba.com\/en\/#\/schema\/logo\/image\/"},"sameAs":["https:\/\/de-de.facebook.com\/RobertSchrammBCBA","https:\/\/www.instagram.com\/knospeaba\/"]}]}},"_links":{"self":[{"href":"https:\/\/www.knospe-aba.com\/en\/wp-json\/wp\/v2\/pages\/2724","targetHints":{"allow":["GET"]}}],"collection":[{"href":"https:\/\/www.knospe-aba.com\/en\/wp-json\/wp\/v2\/pages"}],"about":[{"href":"https:\/\/www.knospe-aba.com\/en\/wp-json\/wp\/v2\/types\/page"}],"author":[{"embeddable":true,"href":"https:\/\/www.knospe-aba.com\/en\/wp-json\/wp\/v2\/users\/1"}],"replies":[{"embeddable":true,"href":"https:\/\/www.knospe-aba.com\/en\/wp-json\/wp\/v2\/comments?post=2724"}],"version-history":[{"count":3,"href":"https:\/\/www.knospe-aba.com\/en\/wp-json\/wp\/v2\/pages\/2724\/revisions"}],"predecessor-version":[{"id":2727,"href":"https:\/\/www.knospe-aba.com\/en\/wp-json\/wp\/v2\/pages\/2724\/revisions\/2727"}],"wp:attachment":[{"href":"https:\/\/www.knospe-aba.com\/en\/wp-json\/wp\/v2\/media?parent=2724"}],"curies":[{"name":"wp","href":"https:\/\/api.w.org\/{rel}","templated":true}]}}