{"id":2585,"date":"2022-03-25T19:14:51","date_gmt":"2022-03-25T18:14:51","guid":{"rendered":"http:\/\/new.knospe-aba.com\/karriere\/"},"modified":"2022-03-26T12:57:15","modified_gmt":"2022-03-26T11:57:15","slug":"career","status":"publish","type":"page","link":"https:\/\/www.knospe-aba.com\/en\/career\/","title":{"rendered":"Career"},"content":{"rendered":"<div class=\"wpb-content-wrapper\"><p>[vc_row css=&#8221;.vc_custom_1643754078570{padding-top: 2.5em !important;padding-bottom: 10.5em !important;}&#8221;][vc_column]<div id=\"sc_title_1269438623\"\r\n\t\tclass=\"sc_title sc_title_default  vc_custom_1646780100946\"><h2 class=\"sc_item_title sc_title_title sc_align_left sc_item_title_style_default sc_item_title_tag\">Karriere<\/h2><\/div><!-- \/.sc_title -->[vc_row_inner css=&#8221;.vc_custom_1643791496225{padding-bottom: 0px !important;}&#8221;][vc_column_inner][vc_column_text]Die Knospe-ABA bietet au\u00dfergew\u00f6hnlichen Menschen die Berufsm\u00f6glichkeit als ABA\/VB-Consultant (m\/w\/d), um das Lernen und Wachsen von Kindern mit Autismus und anderen Entwicklungsverz\u00f6gerungen zu unterst\u00fctzen. Die T\u00e4tigkeit bietet ein gro\u00dfes Aufgabengebiet mit hoher Flexibilit\u00e4t, wobei im unmittelbaren Umfeld des Kindes gearbeitet wird. Es ist eine sehr spannende, abwechslungsreiche und wertgesch\u00e4tzte Arbeit. Es erwartet Sie ein talentiertes Team!<\/p>\n<p>Zum Aufgabengebiet geh\u00f6rt die Verhaltensanalyse, das Erstellen von individuellen F\u00f6rderpl\u00e4nen (Lern- und Verhaltensprogramme), 1:1-Arbeit mit dem Lerner, die enge Zusammenarbeit sowie Anleitung der Eltern und des Teams (incl. Kinderg\u00e4rten, Schulen und andere Einrichtungen), das Schreiben von Entwicklungsberichten, Empfehlungsschreiben u.v.m.<\/p>\n<h3>Als Wunschkandidat bringen Sie Folgendes mit:<\/h3>\n<ul>\n<li>Sie haben ein abgeschlossenes Studium mit einem Bachelor- oder Master-Abschluss in Psychologie, P\u00e4dagogik, Sozialp\u00e4dagogik, Sozialarbeit oder in einem verwandten Beruf, und\/oder Sie sind bereits ein Board Certified Behavior Analyst (BCBA) oder ein Board Certified Assistant Behavior Analyst (BCaBA).<\/li>\n<li>Sie haben den Wunsch, Kindern mit Autismus-Spektrum-St\u00f6rungen und anderen Entwicklungsverz\u00f6gerungen zu helfen.<\/li>\n<li>Sie haben bereits mit Kindern mit Autismus-Spektrum-St\u00f6rungen und anderen Entwicklungsverz\u00f6gerungen gearbeitet.<\/li>\n<li>Sie verf\u00fcgen \u00fcber Menschenkenntnis und Einf\u00fchlungsverm\u00f6gen.<\/li>\n<li>Sie haben eine selbst\u00e4ndige, strukturierte und probleml\u00f6sungsorientierte Arbeitsweise.<\/li>\n<li>Sie sind mobil, flexibel und bereit zu reisen.<\/li>\n<li>Sie haben einen F\u00fchrerschein der Klasse B und PC-Kenntnisse in MS Office.<\/li>\n<li>Sie fahren gerne Auto.<\/li>\n<li>Sie beherrschen Englisch in Wort und Schrift.<\/li>\n<\/ul>\n<p>Hilfreich sind fundierte Kenntnisse in den Fachbereichen &#8220;Applied Behavior Analysis&#8221; (ABA) und &#8220;Verbal Behavior&#8221; (VB) &#8211; einer F\u00f6rdermethode f\u00fcr Kinder mit besonderen Bed\u00fcrfnissen.<\/p>\n<p>Bringen Sie die erforderlichen Qualifikationen mit und f\u00fchlen Sie sich angesprochen? &#8211; Dann freuen wir uns auf Ihre schriftliche, aussagekr\u00e4ftige Bewerbung!<\/p>\n<h3>Bitte richten Sie Ihre Bewerbung per E-Mail an Frau Schramm:<\/h3>\n<p><a href=\"mailto:info@knospe-aba.com\">info@knospe-aba.com<\/a>[\/vc_column_text][\/vc_column_inner][\/vc_row_inner][\/vc_column][\/vc_row]<\/p>\n<\/div>","protected":false},"excerpt":{"rendered":"<p>[vc_row css=&#8221;.vc_custom_1643754078570{padding-top: 2.5em !important;padding-bottom: 10.5em !important;}&#8221;][vc_column][vc_row_inner css=&#8221;.vc_custom_1643791496225{padding-bottom: 0px !important;}&#8221;][vc_column_inner][vc_column_text]Die Knospe-ABA bietet au\u00dfergew\u00f6hnlichen Menschen die Berufsm\u00f6glichkeit als ABA\/VB-Consultant (m\/w\/d), um das Lernen und Wachsen von Kindern mit Autismus und anderen Entwicklungsverz\u00f6gerungen zu unterst\u00fctzen. Die T\u00e4tigkeit bietet ein gro\u00dfes Aufgabengebiet mit hoher Flexibilit\u00e4t, wobei im unmittelbaren Umfeld des Kindes gearbeitet wird. Es ist eine sehr spannende, abwechslungsreiche und wertgesch\u00e4tzte Arbeit. Es erwartet&hellip;<\/p>\n","protected":false},"author":1,"featured_media":0,"parent":0,"menu_order":0,"comment_status":"closed","ping_status":"closed","template":"","meta":{"footnotes":""},"class_list":["post-2585","page","type-page","status-publish","hentry"],"yoast_head":"<!-- This site is optimized with the Yoast SEO plugin v27.4 - https:\/\/yoast.com\/product\/yoast-seo-wordpress\/ -->\n<title>Career - Knospe-ABA | Hilfe bei Autismus-Spektrum-St\u00f6rungen<\/title>\n<meta name=\"robots\" content=\"index, follow, max-snippet:-1, max-image-preview:large, max-video-preview:-1\" \/>\n<link rel=\"canonical\" href=\"https:\/\/www.knospe-aba.com\/en\/career\/\" \/>\n<meta property=\"og:locale\" content=\"en_US\" \/>\n<meta property=\"og:type\" content=\"article\" \/>\n<meta property=\"og:title\" content=\"Career - Knospe-ABA | Hilfe bei Autismus-Spektrum-St\u00f6rungen\" \/>\n<meta property=\"og:description\" content=\"[vc_row css=&#8221;.vc_custom_1643754078570{padding-top: 2.5em !important;padding-bottom: 10.5em !important;}&#8221;][vc_column][vc_row_inner css=&#8221;.vc_custom_1643791496225{padding-bottom: 0px !important;}&#8221;][vc_column_inner][vc_column_text]Die Knospe-ABA bietet au\u00dfergew\u00f6hnlichen Menschen die Berufsm\u00f6glichkeit als ABA\/VB-Consultant (m\/w\/d), um das Lernen und Wachsen von Kindern mit Autismus und anderen Entwicklungsverz\u00f6gerungen zu unterst\u00fctzen. Die T\u00e4tigkeit bietet ein gro\u00dfes Aufgabengebiet mit hoher Flexibilit\u00e4t, wobei im unmittelbaren Umfeld des Kindes gearbeitet wird. Es ist eine sehr spannende, abwechslungsreiche und wertgesch\u00e4tzte Arbeit. Es erwartet&hellip;\" \/>\n<meta property=\"og:url\" content=\"https:\/\/www.knospe-aba.com\/en\/career\/\" \/>\n<meta property=\"og:site_name\" content=\"Knospe-ABA | Hilfe bei Autismus-Spektrum-St\u00f6rungen\" \/>\n<meta property=\"article:publisher\" content=\"https:\/\/de-de.facebook.com\/RobertSchrammBCBA\" \/>\n<meta property=\"article:modified_time\" content=\"2022-03-26T11:57:15+00:00\" \/>\n<meta property=\"og:image\" content=\"https:\/\/www.knospe-aba.com\/wp-content\/uploads\/2022\/03\/logo5-NEU-2.jpg\" \/>\n\t<meta property=\"og:image:width\" content=\"577\" \/>\n\t<meta property=\"og:image:height\" content=\"179\" \/>\n\t<meta property=\"og:image:type\" content=\"image\/jpeg\" \/>\n<meta name=\"twitter:card\" content=\"summary_large_image\" \/>\n<meta name=\"twitter:label1\" content=\"Est. reading time\" \/>\n\t<meta name=\"twitter:data1\" content=\"2 minutes\" \/>\n<script type=\"application\/ld+json\" class=\"yoast-schema-graph\">{\"@context\":\"https:\\\/\\\/schema.org\",\"@graph\":[{\"@type\":\"WebPage\",\"@id\":\"https:\\\/\\\/www.knospe-aba.com\\\/en\\\/career\\\/\",\"url\":\"https:\\\/\\\/www.knospe-aba.com\\\/en\\\/career\\\/\",\"name\":\"Career - Knospe-ABA | Hilfe bei Autismus-Spektrum-St\u00f6rungen\",\"isPartOf\":{\"@id\":\"https:\\\/\\\/www.knospe-aba.com\\\/en\\\/#website\"},\"datePublished\":\"2022-03-25T18:14:51+00:00\",\"dateModified\":\"2022-03-26T11:57:15+00:00\",\"inLanguage\":\"en-US\",\"potentialAction\":[{\"@type\":\"ReadAction\",\"target\":[\"https:\\\/\\\/www.knospe-aba.com\\\/en\\\/career\\\/\"]}]},{\"@type\":\"WebSite\",\"@id\":\"https:\\\/\\\/www.knospe-aba.com\\\/en\\\/#website\",\"url\":\"https:\\\/\\\/www.knospe-aba.com\\\/en\\\/\",\"name\":\"Knospe-ABA | Hilfe bei Autismus-Spektrum-St\u00f6rungen\",\"description\":\"Autismus Elterntraining, Therapie, Autismushilfe, Heilp\u00e4dgogische F\u00f6rderung, Fr\u00fchkindlicher Autismus Therapie, F\u00f6rderung Autismus, Fr\u00fchf\u00f6rderung Autismus, ABA, Sonderp\u00e4dagogische Hilfe, Autismushilfe, Autismuszentrum\",\"publisher\":{\"@id\":\"https:\\\/\\\/www.knospe-aba.com\\\/en\\\/#organization\"},\"potentialAction\":[{\"@type\":\"SearchAction\",\"target\":{\"@type\":\"EntryPoint\",\"urlTemplate\":\"https:\\\/\\\/www.knospe-aba.com\\\/en\\\/?s={search_term_string}\"},\"query-input\":{\"@type\":\"PropertyValueSpecification\",\"valueRequired\":true,\"valueName\":\"search_term_string\"}}],\"inLanguage\":\"en-US\"},{\"@type\":\"Organization\",\"@id\":\"https:\\\/\\\/www.knospe-aba.com\\\/en\\\/#organization\",\"name\":\"Knospe ABA GmbH\",\"alternateName\":\"Knospe ABA\",\"url\":\"https:\\\/\\\/www.knospe-aba.com\\\/en\\\/\",\"logo\":{\"@type\":\"ImageObject\",\"inLanguage\":\"en-US\",\"@id\":\"https:\\\/\\\/www.knospe-aba.com\\\/en\\\/#\\\/schema\\\/logo\\\/image\\\/\",\"url\":\"https:\\\/\\\/www.knospe-aba.com\\\/wp-content\\\/uploads\\\/2022\\\/03\\\/logo6-NEU.jpg\",\"contentUrl\":\"https:\\\/\\\/www.knospe-aba.com\\\/wp-content\\\/uploads\\\/2022\\\/03\\\/logo6-NEU.jpg\",\"width\":577,\"height\":179,\"caption\":\"Knospe ABA GmbH\"},\"image\":{\"@id\":\"https:\\\/\\\/www.knospe-aba.com\\\/en\\\/#\\\/schema\\\/logo\\\/image\\\/\"},\"sameAs\":[\"https:\\\/\\\/de-de.facebook.com\\\/RobertSchrammBCBA\",\"https:\\\/\\\/www.instagram.com\\\/knospeaba\\\/\"]}]}<\/script>\n<!-- \/ Yoast SEO plugin. -->","yoast_head_json":{"title":"Career - Knospe-ABA | Hilfe bei Autismus-Spektrum-St\u00f6rungen","robots":{"index":"index","follow":"follow","max-snippet":"max-snippet:-1","max-image-preview":"max-image-preview:large","max-video-preview":"max-video-preview:-1"},"canonical":"https:\/\/www.knospe-aba.com\/en\/career\/","og_locale":"en_US","og_type":"article","og_title":"Career - Knospe-ABA | Hilfe bei Autismus-Spektrum-St\u00f6rungen","og_description":"[vc_row css=&#8221;.vc_custom_1643754078570{padding-top: 2.5em !important;padding-bottom: 10.5em !important;}&#8221;][vc_column][vc_row_inner css=&#8221;.vc_custom_1643791496225{padding-bottom: 0px !important;}&#8221;][vc_column_inner][vc_column_text]Die Knospe-ABA bietet au\u00dfergew\u00f6hnlichen Menschen die Berufsm\u00f6glichkeit als ABA\/VB-Consultant (m\/w\/d), um das Lernen und Wachsen von Kindern mit Autismus und anderen Entwicklungsverz\u00f6gerungen zu unterst\u00fctzen. Die T\u00e4tigkeit bietet ein gro\u00dfes Aufgabengebiet mit hoher Flexibilit\u00e4t, wobei im unmittelbaren Umfeld des Kindes gearbeitet wird. Es ist eine sehr spannende, abwechslungsreiche und wertgesch\u00e4tzte Arbeit. Es erwartet&hellip;","og_url":"https:\/\/www.knospe-aba.com\/en\/career\/","og_site_name":"Knospe-ABA | Hilfe bei Autismus-Spektrum-St\u00f6rungen","article_publisher":"https:\/\/de-de.facebook.com\/RobertSchrammBCBA","article_modified_time":"2022-03-26T11:57:15+00:00","og_image":[{"width":577,"height":179,"url":"https:\/\/www.knospe-aba.com\/wp-content\/uploads\/2022\/03\/logo5-NEU-2.jpg","type":"image\/jpeg"}],"twitter_card":"summary_large_image","twitter_misc":{"Est. reading time":"2 minutes"},"schema":{"@context":"https:\/\/schema.org","@graph":[{"@type":"WebPage","@id":"https:\/\/www.knospe-aba.com\/en\/career\/","url":"https:\/\/www.knospe-aba.com\/en\/career\/","name":"Career - Knospe-ABA | Hilfe bei Autismus-Spektrum-St\u00f6rungen","isPartOf":{"@id":"https:\/\/www.knospe-aba.com\/en\/#website"},"datePublished":"2022-03-25T18:14:51+00:00","dateModified":"2022-03-26T11:57:15+00:00","inLanguage":"en-US","potentialAction":[{"@type":"ReadAction","target":["https:\/\/www.knospe-aba.com\/en\/career\/"]}]},{"@type":"WebSite","@id":"https:\/\/www.knospe-aba.com\/en\/#website","url":"https:\/\/www.knospe-aba.com\/en\/","name":"Knospe-ABA | Hilfe bei Autismus-Spektrum-St\u00f6rungen","description":"Autismus Elterntraining, Therapie, Autismushilfe, Heilp\u00e4dgogische F\u00f6rderung, Fr\u00fchkindlicher Autismus Therapie, F\u00f6rderung Autismus, Fr\u00fchf\u00f6rderung Autismus, ABA, Sonderp\u00e4dagogische Hilfe, Autismushilfe, Autismuszentrum","publisher":{"@id":"https:\/\/www.knospe-aba.com\/en\/#organization"},"potentialAction":[{"@type":"SearchAction","target":{"@type":"EntryPoint","urlTemplate":"https:\/\/www.knospe-aba.com\/en\/?s={search_term_string}"},"query-input":{"@type":"PropertyValueSpecification","valueRequired":true,"valueName":"search_term_string"}}],"inLanguage":"en-US"},{"@type":"Organization","@id":"https:\/\/www.knospe-aba.com\/en\/#organization","name":"Knospe ABA GmbH","alternateName":"Knospe ABA","url":"https:\/\/www.knospe-aba.com\/en\/","logo":{"@type":"ImageObject","inLanguage":"en-US","@id":"https:\/\/www.knospe-aba.com\/en\/#\/schema\/logo\/image\/","url":"https:\/\/www.knospe-aba.com\/wp-content\/uploads\/2022\/03\/logo6-NEU.jpg","contentUrl":"https:\/\/www.knospe-aba.com\/wp-content\/uploads\/2022\/03\/logo6-NEU.jpg","width":577,"height":179,"caption":"Knospe ABA GmbH"},"image":{"@id":"https:\/\/www.knospe-aba.com\/en\/#\/schema\/logo\/image\/"},"sameAs":["https:\/\/de-de.facebook.com\/RobertSchrammBCBA","https:\/\/www.instagram.com\/knospeaba\/"]}]}},"_links":{"self":[{"href":"https:\/\/www.knospe-aba.com\/en\/wp-json\/wp\/v2\/pages\/2585","targetHints":{"allow":["GET"]}}],"collection":[{"href":"https:\/\/www.knospe-aba.com\/en\/wp-json\/wp\/v2\/pages"}],"about":[{"href":"https:\/\/www.knospe-aba.com\/en\/wp-json\/wp\/v2\/types\/page"}],"author":[{"embeddable":true,"href":"https:\/\/www.knospe-aba.com\/en\/wp-json\/wp\/v2\/users\/1"}],"replies":[{"embeddable":true,"href":"https:\/\/www.knospe-aba.com\/en\/wp-json\/wp\/v2\/comments?post=2585"}],"version-history":[{"count":3,"href":"https:\/\/www.knospe-aba.com\/en\/wp-json\/wp\/v2\/pages\/2585\/revisions"}],"predecessor-version":[{"id":2611,"href":"https:\/\/www.knospe-aba.com\/en\/wp-json\/wp\/v2\/pages\/2585\/revisions\/2611"}],"wp:attachment":[{"href":"https:\/\/www.knospe-aba.com\/en\/wp-json\/wp\/v2\/media?parent=2585"}],"curies":[{"name":"wp","href":"https:\/\/api.w.org\/{rel}","templated":true}]}}