{"id":2573,"date":"2022-03-25T19:12:09","date_gmt":"2022-03-25T18:12:09","guid":{"rendered":"http:\/\/new.knospe-aba.com\/buecher\/"},"modified":"2022-03-27T16:55:11","modified_gmt":"2022-03-27T14:55:11","slug":"roberts-books","status":"publish","type":"page","link":"https:\/\/www.knospe-aba.com\/en\/roberts-books\/","title":{"rendered":"Robert\u2019s Books"},"content":{"rendered":"<div class=\"wpb-content-wrapper\"><p>[vc_row disable_element=&#8221;yes&#8221; css=&#8221;.vc_custom_1646779522053{padding-top: 50px !important;}&#8221;][vc_column][vc_single_image image=&#8221;2371&#8243; img_size=&#8221;full&#8221;][\/vc_column][\/vc_row][vc_row css=&#8221;.vc_custom_1647600896656{padding-top: 2.5em !important;}&#8221;][vc_column]<div id=\"sc_title_229721503\"\r\n\t\tclass=\"sc_title sc_title_default  vc_custom_1648392760413\"><h2 class=\"sc_item_title sc_title_title sc_align_left sc_item_title_style_default sc_item_title_tag\">Robert\u2019s Books<\/h2><\/div><!-- \/.sc_title -->[vc_row_inner css=&#8221;.vc_custom_1647600914285{padding-bottom: 2.5em !important;}&#8221;][vc_column_inner][vc_column_text]We are very pleased that the books of <a href=\"https:\/\/www.knospe-aba.com\/en\/robert-schramm-m-a-bcba-board-certified-behavior-analyst\/\">Robert Schramm, M.A., BCBA<\/a>, are so popular worldwide and that more than 40,000 books have been sold.[\/vc_column_text][\/vc_column_inner][\/vc_row_inner][\/vc_column][\/vc_row][vc_row full_width=&#8221;stretch_row&#8221; css=&#8221;.vc_custom_1647601091483{padding-top: 2.5em !important;padding-bottom: 2.5em !important;background-color: #f7f7f7 !important;}&#8221;][vc_column width=&#8221;1\/4&#8243;][vc_single_image image=&#8221;2397&#8243; img_size=&#8221;full&#8221;][\/vc_column][vc_column width=&#8221;3\/4&#8243;][vc_column_text]<\/p>\n<h3>Motivation und Verst\u00e4rkung (German)<\/h3>\n<p><strong>Wissenschaftliche Intervention bei Autismus<\/strong><br \/>\n<strong>(2. Auflage)<\/strong><\/p>\n<p>ABA und Verbal Behavior. Ein Handbuch f\u00fcr Eltern und Fachleute von Robert Schramm, MA, BCBA. Lesen Sie auch das Geleitwort von Dr. Sven B\u00f6lte (PhD\/Associate Professor\/Clincal Neurospychologist GNP) &#8211; Portofreier Versand innerhalb Deutschlands, ins Ausland 10,00 \u20ac\/Schweiz 12 \u20ac. ca 28 x20 cm, 530 Seiten[\/vc_column_text][\/vc_column][\/vc_row][vc_row full_width=&#8221;stretch_row&#8221; css=&#8221;.vc_custom_1647600990446{padding-top: 2.5em !important;padding-bottom: 2.5em !important;background-color: #ffffff !important;}&#8221;][vc_column width=&#8221;1\/4&#8243;][vc_single_image image=&#8221;2393&#8243; img_size=&#8221;full&#8221;][\/vc_column][vc_column width=&#8221;3\/4&#8243;][vc_column_text]<\/p>\n<h3>Motivation and Reinforcement (English)<\/h3>\n<p><strong>Turning the Tables on Autism<\/strong><\/p>\n<p>This book is the ultimate guide to home based autism intervention. Including new chapters on Social Skills, Behavior Plans, Token Economies, and Advanced Instructional Control methods, this book is a must have even for those who own the 2006 version. International ABA\/VB presenter Robert Schramm, explains how you can keep your child engaged in motivated learning throughout his entire day without forcing participation, blocking escape, or nagging procedures. M&amp;R is the full realization of modern ABA\/VB Autism Intervention and a great resource for parents, teachers, and therapists working with a child with autism as well as BCBA&#8217;s looking for ways to improve their approach.[\/vc_column_text][vc_btn title=&#8221;Shop&#8221; color=&#8221;warning&#8221; size=&#8221;xs&#8221; link=&#8221;url:http%3A%2F%2Fwww.lulu.com%2Fspotlight%2FSchramm|title:Shop|target:_blank&#8221; css=&#8221;.vc_custom_1647602021551{padding-top: 20px !important;}&#8221;][\/vc_column][\/vc_row][vc_row full_width=&#8221;stretch_row&#8221; css=&#8221;.vc_custom_1647601097438{padding-top: 2.5em !important;padding-bottom: 2.5em !important;background-color: #f7f7f7 !important;}&#8221;][vc_column width=&#8221;1\/4&#8243;][vc_single_image image=&#8221;2399&#8243; img_size=&#8221;full&#8221;][\/vc_column][vc_column width=&#8221;3\/4&#8243;][vc_column_text]<\/p>\n<h3>The Seven Steps to Earning Instructional Control (English)<\/h3>\n<p>Earning Instructional Control (compliance) with challenging learners is paramount to optimal teaching outcomes in any behavior or learning program. Based on the Principles of Behavior, The 7 Steps to Earning Instructional Control procedure that is outlined in this 180 page manual is our preferred approach to creating motivated learners in the home, school and clinic settings. So whether you are a parent, teacher or seasoned behavior analyst, this book is a &#8220;must have,&#8221; must read&#8221; and &#8220;must share&#8221; with your entire team.[\/vc_column_text][vc_btn title=&#8221;Shop&#8221; color=&#8221;warning&#8221; size=&#8221;xs&#8221; link=&#8221;url:http%3A%2F%2Fwww.lulu.com%2Fspotlight%2FSchramm|title:Shop|target:_blank&#8221; css=&#8221;.vc_custom_1647602057879{padding-top: 20px !important;}&#8221;][\/vc_column][\/vc_row][vc_row full_width=&#8221;stretch_row&#8221; css=&#8221;.vc_custom_1647600990446{padding-top: 2.5em !important;padding-bottom: 2.5em !important;background-color: #ffffff !important;}&#8221;][vc_column width=&#8221;1\/4&#8243;][vc_single_image image=&#8221;2394&#8243; img_size=&#8221;full&#8221;][\/vc_column][vc_column width=&#8221;3\/4&#8243;][vc_column_text]<\/p>\n<h3>Motivaci\u00f3n y Refuerzo (Spanish)<\/h3>\n<p>Cuando organizaba en el 2006 el Congreso Internacional de Autismo y Trastornos Generales del Desarrollo en Buenos Aires, Argentina y al cual est\u00e1bamos invitando a los expertos m\u00e1s conocidos del mundo, pens\u00e9 que Robert no pod\u00eda estar ausente. No me equivoqu\u00e9, sus exposiciones fueron las m\u00e1s brillantes, concurridas y aplaudidas del evento. En este libro \u2013que espero sea el primero de muchos- Robert explica lo que nosotros, (como profesionales de la ciencia de la conducta) no podemos por ser prisioneros de nuestros conocimientos, permitiendo que padres \u2013y terapeutas- puedan hacer una aplicaci\u00f3n pr\u00e1ctica y consistente del enfoque Verbal Behavior del An\u00e1lisis del Comportamiento Aplicado (ABA) en \u00e9ste caso, a ni\u00f1os del espectro autista. He le\u00eddo docenas (por no decir cientos) de libros y art\u00edculos sobre la materia, todos necesarios, \u201cMotivaci\u00f3n y Refuerzo\u201d, es de los imprescindibles.[\/vc_column_text][vc_btn title=&#8221;Shop&#8221; color=&#8221;warning&#8221; size=&#8221;xs&#8221; link=&#8221;url:http%3A%2F%2Fwww.lulu.com%2Fspotlight%2FSchramm|title:Shop|target:_blank&#8221; css=&#8221;.vc_custom_1647602080636{padding-top: 20px !important;}&#8221;][\/vc_column][\/vc_row][vc_row full_width=&#8221;stretch_row&#8221; css=&#8221;.vc_custom_1647601097438{padding-top: 2.5em !important;padding-bottom: 2.5em !important;background-color: #f7f7f7 !important;}&#8221;][vc_column width=&#8221;1\/4&#8243;][vc_single_image image=&#8221;2395&#8243; img_size=&#8221;full&#8221;][\/vc_column][vc_column width=&#8221;3\/4&#8243;][vc_column_text]<\/p>\n<h3>Motivation &amp; Renforcement (French)<\/h3>\n<p>Cet ouvrage est le guide ultime des interventions \u00e0 domicile pour les autistes. Int\u00e9grant \u00e9galement des prolongements destin\u00e9s aux cadres scolaire et clinique, il s\u2019agit d\u2019un guide visionnaire qui traduit la science soutenant l\u2019approche Verbal Behavior de l\u2019ABA dans le langage courant, la rendant plus accessible aux parents, aux enseignants et aux th\u00e9rapeutes qui travaillent aupr\u00e8s d\u2019enfants ayant un Trouble du Spectre Autistique. Les recommandations proc\u00e9durales dans \u00ab Motivation et Renforcement \u00bb aident \u00e0 maintenir l\u2019enfant engag\u00e9 dans un apprentissage qui le motive tout au long de la journ\u00e9e, diminuant ou supprimant le besoin de proc\u00e9dures d\u2019\u00e9chappement, de blocage ou de m\u00e9contentement. J\u2019esp\u00e8re que vous appr\u00e9cierez cette seconde \u00e9dition et qu\u2019elle deviendra le guide conceptuel de votre programme ABA, comme il l\u2019est pour beaucoup.[\/vc_column_text][vc_btn title=&#8221;Shop&#8221; color=&#8221;warning&#8221; size=&#8221;xs&#8221; link=&#8221;url:http%3A%2F%2Fwww.autismediffusion.com%2FPBSCCatalog.asp%3FItmID%3D17545729|title:Shop|target:_blank&#8221; css=&#8221;.vc_custom_1647602095029{padding-top: 20px !important;}&#8221;][\/vc_column][\/vc_row][vc_row full_width=&#8221;stretch_row&#8221; css=&#8221;.vc_custom_1647600990446{padding-top: 2.5em !important;padding-bottom: 2.5em !important;background-color: #ffffff !important;}&#8221;][vc_column width=&#8221;1\/4&#8243;][vc_single_image image=&#8221;2396&#8243; img_size=&#8221;full&#8221;][\/vc_column][vc_column width=&#8221;3\/4&#8243;][vc_column_text]<\/p>\n<h3>Motivatie si recompensa (Romanian)<\/h3>\n<p><strong>ABA, Via\u021ba cu autism<\/strong><\/p>\n<p>Cartea lui Robert Schramm este unul din cele mai bune ghiduri pentru interven\u021bia \u00een autism la domiciliu. Autorul traduce \u00een limbaj accesibil \u0219tiin\u021ba care se afl\u0103 la baza cele mai moderne abord\u0103ri a ABA \u0219i explic\u0103 importan\u021ba esen\u021bial\u0103 a p\u0103str\u0103rii motiva\u021biei copilului de-a lungul \u00eentregii zile, reduc\u00e2nd sau elimin\u00e2nd cu totul recursul la metode intruzive precum blocarea \u00eencerc\u0103rilor de evadare ale copilului sau insisten\u021bele verbale cic\u0103litoare. Recuperarea copilului cu autism nu se petrece la mas\u0103, prin repeti\u021bii mecanice, a\u0219a cum gre\u0219it s-a \u00eencet\u0103\u021benit \u00een mintea terapeu\u021bilor de formare veche. ABA\/VB \u00eenseamn\u0103 captarea motiva\u021biei copilului \u0219i dezvoltarea unei rela\u021bii at\u00e2t de pl\u0103cute \u00eentre terapeut \u0219i copil, \u00eenc\u00e2t terapeutul nu va putea preda at\u00e2t de mult c\u00e2t va vrea copilul s\u0103 \u00eenve\u021be.[\/vc_column_text][\/vc_column][\/vc_row][vc_row full_width=&#8221;stretch_row&#8221; css=&#8221;.vc_custom_1647601097438{padding-top: 2.5em !important;padding-bottom: 2.5em !important;background-color: #f7f7f7 !important;}&#8221;][vc_column width=&#8221;1\/4&#8243;][vc_single_image image=&#8221;2398&#8243; img_size=&#8221;full&#8221;][\/vc_column][vc_column width=&#8221;3\/4&#8243;][vc_column_text]<\/p>\n<h3>\u0414\u0435\u0442\u0441\u043a\u0438\u0439 \u0430\u0443\u0442\u0438\u0437\u043c \u0438 \u0410\u0412\u0410. (Russian)<\/h3>\n<p>\u0414\u0435\u0442\u0441\u043a\u0438\u0439 \u0430\u0443\u0442\u0438\u0437\u043c \u0438 \u0410\u0412\u0410. ABA: \u0442\u0435\u0440\u0430\u043f\u0438\u044f, \u043e\u0441\u043d\u043e\u0432\u0430\u043d\u043d\u0430\u044f \u043d\u0430 \u043c\u0435\u0442\u043e\u0434\u0430\u0445 \u043f\u0440\u0438\u043a\u043b\u0430\u0434\u043d\u043e\u0433\u043e \u0430\u043d\u0430\u043b\u0438\u0437\u0430 \u043f\u043e\u0432\u0435\u0434\u0435\u043d\u0438\u044f[\/vc_column_text][vc_btn title=&#8221;Shop&#8221; color=&#8221;warning&#8221; size=&#8221;xs&#8221; link=&#8221;url:http%3A%2F%2Fwww.labirint.ru%2Fauthors%2F44763%2F|title:Shop|target:_blank&#8221; css=&#8221;.vc_custom_1647602146067{padding-top: 20px !important;}&#8221;][\/vc_column][\/vc_row]<\/p>\n<\/div>","protected":false},"excerpt":{"rendered":"<p>[vc_row disable_element=&#8221;yes&#8221; css=&#8221;.vc_custom_1646779522053{padding-top: 50px !important;}&#8221;][vc_column][vc_single_image image=&#8221;2371&#8243; img_size=&#8221;full&#8221;][\/vc_column][\/vc_row][vc_row css=&#8221;.vc_custom_1647600896656{padding-top: 2.5em !important;}&#8221;][vc_column][vc_row_inner css=&#8221;.vc_custom_1647600914285{padding-bottom: 2.5em !important;}&#8221;][vc_column_inner][vc_column_text]We are very pleased that the books of Robert Schramm, M.A., BCBA, are so popular worldwide and that more than 40,000 books have been sold.[\/vc_column_text][\/vc_column_inner][\/vc_row_inner][\/vc_column][\/vc_row][vc_row full_width=&#8221;stretch_row&#8221; css=&#8221;.vc_custom_1647601091483{padding-top: 2.5em !important;padding-bottom: 2.5em !important;background-color: #f7f7f7 !important;}&#8221;][vc_column width=&#8221;1\/4&#8243;][vc_single_image image=&#8221;2397&#8243; img_size=&#8221;full&#8221;][\/vc_column][vc_column width=&#8221;3\/4&#8243;][vc_column_text] Motivation und Verst\u00e4rkung (German) Wissenschaftliche Intervention bei Autismus (2. Auflage) ABA&hellip;<\/p>\n","protected":false},"author":1,"featured_media":0,"parent":0,"menu_order":0,"comment_status":"closed","ping_status":"closed","template":"","meta":{"footnotes":""},"class_list":["post-2573","page","type-page","status-publish","hentry"],"yoast_head":"<!-- This site is optimized with the Yoast SEO plugin v27.4 - https:\/\/yoast.com\/product\/yoast-seo-wordpress\/ -->\n<title>Robert\u2019s Books - Knospe-ABA | Hilfe bei Autismus-Spektrum-St\u00f6rungen<\/title>\n<meta name=\"robots\" content=\"index, follow, max-snippet:-1, max-image-preview:large, max-video-preview:-1\" \/>\n<link rel=\"canonical\" href=\"https:\/\/www.knospe-aba.com\/en\/roberts-books\/\" \/>\n<meta property=\"og:locale\" content=\"en_US\" \/>\n<meta property=\"og:type\" content=\"article\" \/>\n<meta property=\"og:title\" content=\"Robert\u2019s Books - Knospe-ABA | Hilfe bei Autismus-Spektrum-St\u00f6rungen\" \/>\n<meta property=\"og:description\" content=\"[vc_row disable_element=&#8221;yes&#8221; css=&#8221;.vc_custom_1646779522053{padding-top: 50px !important;}&#8221;][vc_column][vc_single_image image=&#8221;2371&#8243; img_size=&#8221;full&#8221;][\/vc_column][\/vc_row][vc_row css=&#8221;.vc_custom_1647600896656{padding-top: 2.5em !important;}&#8221;][vc_column][vc_row_inner css=&#8221;.vc_custom_1647600914285{padding-bottom: 2.5em !important;}&#8221;][vc_column_inner][vc_column_text]We are very pleased that the books of Robert Schramm, M.A., BCBA, are so popular worldwide and that more than 40,000 books have been sold.[\/vc_column_text][\/vc_column_inner][\/vc_row_inner][\/vc_column][\/vc_row][vc_row full_width=&#8221;stretch_row&#8221; css=&#8221;.vc_custom_1647601091483{padding-top: 2.5em !important;padding-bottom: 2.5em !important;background-color: #f7f7f7 !important;}&#8221;][vc_column width=&#8221;1\/4&#8243;][vc_single_image image=&#8221;2397&#8243; img_size=&#8221;full&#8221;][\/vc_column][vc_column width=&#8221;3\/4&#8243;][vc_column_text] Motivation und Verst\u00e4rkung (German) Wissenschaftliche Intervention bei Autismus (2. Auflage) ABA&hellip;\" \/>\n<meta property=\"og:url\" content=\"https:\/\/www.knospe-aba.com\/en\/roberts-books\/\" \/>\n<meta property=\"og:site_name\" content=\"Knospe-ABA | Hilfe bei Autismus-Spektrum-St\u00f6rungen\" \/>\n<meta property=\"article:publisher\" content=\"https:\/\/de-de.facebook.com\/RobertSchrammBCBA\" \/>\n<meta property=\"article:modified_time\" content=\"2022-03-27T14:55:11+00:00\" \/>\n<meta property=\"og:image\" content=\"https:\/\/www.knospe-aba.com\/wp-content\/uploads\/2022\/03\/logo5-NEU-2.jpg\" \/>\n\t<meta property=\"og:image:width\" content=\"577\" \/>\n\t<meta property=\"og:image:height\" content=\"179\" \/>\n\t<meta property=\"og:image:type\" content=\"image\/jpeg\" \/>\n<meta name=\"twitter:card\" content=\"summary_large_image\" \/>\n<meta name=\"twitter:label1\" content=\"Est. reading time\" \/>\n\t<meta name=\"twitter:data1\" content=\"6 minutes\" \/>\n<script type=\"application\/ld+json\" class=\"yoast-schema-graph\">{\"@context\":\"https:\\\/\\\/schema.org\",\"@graph\":[{\"@type\":\"WebPage\",\"@id\":\"https:\\\/\\\/www.knospe-aba.com\\\/en\\\/roberts-books\\\/\",\"url\":\"https:\\\/\\\/www.knospe-aba.com\\\/en\\\/roberts-books\\\/\",\"name\":\"Robert\u2019s Books - Knospe-ABA | Hilfe bei Autismus-Spektrum-St\u00f6rungen\",\"isPartOf\":{\"@id\":\"https:\\\/\\\/www.knospe-aba.com\\\/en\\\/#website\"},\"datePublished\":\"2022-03-25T18:12:09+00:00\",\"dateModified\":\"2022-03-27T14:55:11+00:00\",\"inLanguage\":\"en-US\",\"potentialAction\":[{\"@type\":\"ReadAction\",\"target\":[\"https:\\\/\\\/www.knospe-aba.com\\\/en\\\/roberts-books\\\/\"]}]},{\"@type\":\"WebSite\",\"@id\":\"https:\\\/\\\/www.knospe-aba.com\\\/en\\\/#website\",\"url\":\"https:\\\/\\\/www.knospe-aba.com\\\/en\\\/\",\"name\":\"Knospe-ABA | Hilfe bei Autismus-Spektrum-St\u00f6rungen\",\"description\":\"Autismus Elterntraining, Therapie, Autismushilfe, Heilp\u00e4dgogische F\u00f6rderung, Fr\u00fchkindlicher Autismus Therapie, F\u00f6rderung Autismus, Fr\u00fchf\u00f6rderung Autismus, ABA, Sonderp\u00e4dagogische Hilfe, Autismushilfe, Autismuszentrum\",\"publisher\":{\"@id\":\"https:\\\/\\\/www.knospe-aba.com\\\/en\\\/#organization\"},\"potentialAction\":[{\"@type\":\"SearchAction\",\"target\":{\"@type\":\"EntryPoint\",\"urlTemplate\":\"https:\\\/\\\/www.knospe-aba.com\\\/en\\\/?s={search_term_string}\"},\"query-input\":{\"@type\":\"PropertyValueSpecification\",\"valueRequired\":true,\"valueName\":\"search_term_string\"}}],\"inLanguage\":\"en-US\"},{\"@type\":\"Organization\",\"@id\":\"https:\\\/\\\/www.knospe-aba.com\\\/en\\\/#organization\",\"name\":\"Knospe ABA GmbH\",\"alternateName\":\"Knospe ABA\",\"url\":\"https:\\\/\\\/www.knospe-aba.com\\\/en\\\/\",\"logo\":{\"@type\":\"ImageObject\",\"inLanguage\":\"en-US\",\"@id\":\"https:\\\/\\\/www.knospe-aba.com\\\/en\\\/#\\\/schema\\\/logo\\\/image\\\/\",\"url\":\"https:\\\/\\\/www.knospe-aba.com\\\/wp-content\\\/uploads\\\/2022\\\/03\\\/logo6-NEU.jpg\",\"contentUrl\":\"https:\\\/\\\/www.knospe-aba.com\\\/wp-content\\\/uploads\\\/2022\\\/03\\\/logo6-NEU.jpg\",\"width\":577,\"height\":179,\"caption\":\"Knospe ABA GmbH\"},\"image\":{\"@id\":\"https:\\\/\\\/www.knospe-aba.com\\\/en\\\/#\\\/schema\\\/logo\\\/image\\\/\"},\"sameAs\":[\"https:\\\/\\\/de-de.facebook.com\\\/RobertSchrammBCBA\",\"https:\\\/\\\/www.instagram.com\\\/knospeaba\\\/\"]}]}<\/script>\n<!-- \/ Yoast SEO plugin. -->","yoast_head_json":{"title":"Robert\u2019s Books - Knospe-ABA | Hilfe bei Autismus-Spektrum-St\u00f6rungen","robots":{"index":"index","follow":"follow","max-snippet":"max-snippet:-1","max-image-preview":"max-image-preview:large","max-video-preview":"max-video-preview:-1"},"canonical":"https:\/\/www.knospe-aba.com\/en\/roberts-books\/","og_locale":"en_US","og_type":"article","og_title":"Robert\u2019s Books - Knospe-ABA | Hilfe bei Autismus-Spektrum-St\u00f6rungen","og_description":"[vc_row disable_element=&#8221;yes&#8221; css=&#8221;.vc_custom_1646779522053{padding-top: 50px !important;}&#8221;][vc_column][vc_single_image image=&#8221;2371&#8243; img_size=&#8221;full&#8221;][\/vc_column][\/vc_row][vc_row css=&#8221;.vc_custom_1647600896656{padding-top: 2.5em !important;}&#8221;][vc_column][vc_row_inner css=&#8221;.vc_custom_1647600914285{padding-bottom: 2.5em !important;}&#8221;][vc_column_inner][vc_column_text]We are very pleased that the books of Robert Schramm, M.A., BCBA, are so popular worldwide and that more than 40,000 books have been sold.[\/vc_column_text][\/vc_column_inner][\/vc_row_inner][\/vc_column][\/vc_row][vc_row full_width=&#8221;stretch_row&#8221; css=&#8221;.vc_custom_1647601091483{padding-top: 2.5em !important;padding-bottom: 2.5em !important;background-color: #f7f7f7 !important;}&#8221;][vc_column width=&#8221;1\/4&#8243;][vc_single_image image=&#8221;2397&#8243; img_size=&#8221;full&#8221;][\/vc_column][vc_column width=&#8221;3\/4&#8243;][vc_column_text] Motivation und Verst\u00e4rkung (German) Wissenschaftliche Intervention bei Autismus (2. Auflage) ABA&hellip;","og_url":"https:\/\/www.knospe-aba.com\/en\/roberts-books\/","og_site_name":"Knospe-ABA | Hilfe bei Autismus-Spektrum-St\u00f6rungen","article_publisher":"https:\/\/de-de.facebook.com\/RobertSchrammBCBA","article_modified_time":"2022-03-27T14:55:11+00:00","og_image":[{"width":577,"height":179,"url":"https:\/\/www.knospe-aba.com\/wp-content\/uploads\/2022\/03\/logo5-NEU-2.jpg","type":"image\/jpeg"}],"twitter_card":"summary_large_image","twitter_misc":{"Est. reading time":"6 minutes"},"schema":{"@context":"https:\/\/schema.org","@graph":[{"@type":"WebPage","@id":"https:\/\/www.knospe-aba.com\/en\/roberts-books\/","url":"https:\/\/www.knospe-aba.com\/en\/roberts-books\/","name":"Robert\u2019s Books - Knospe-ABA | Hilfe bei Autismus-Spektrum-St\u00f6rungen","isPartOf":{"@id":"https:\/\/www.knospe-aba.com\/en\/#website"},"datePublished":"2022-03-25T18:12:09+00:00","dateModified":"2022-03-27T14:55:11+00:00","inLanguage":"en-US","potentialAction":[{"@type":"ReadAction","target":["https:\/\/www.knospe-aba.com\/en\/roberts-books\/"]}]},{"@type":"WebSite","@id":"https:\/\/www.knospe-aba.com\/en\/#website","url":"https:\/\/www.knospe-aba.com\/en\/","name":"Knospe-ABA | Hilfe bei Autismus-Spektrum-St\u00f6rungen","description":"Autismus Elterntraining, Therapie, Autismushilfe, Heilp\u00e4dgogische F\u00f6rderung, Fr\u00fchkindlicher Autismus Therapie, F\u00f6rderung Autismus, Fr\u00fchf\u00f6rderung Autismus, ABA, Sonderp\u00e4dagogische Hilfe, Autismushilfe, Autismuszentrum","publisher":{"@id":"https:\/\/www.knospe-aba.com\/en\/#organization"},"potentialAction":[{"@type":"SearchAction","target":{"@type":"EntryPoint","urlTemplate":"https:\/\/www.knospe-aba.com\/en\/?s={search_term_string}"},"query-input":{"@type":"PropertyValueSpecification","valueRequired":true,"valueName":"search_term_string"}}],"inLanguage":"en-US"},{"@type":"Organization","@id":"https:\/\/www.knospe-aba.com\/en\/#organization","name":"Knospe ABA GmbH","alternateName":"Knospe ABA","url":"https:\/\/www.knospe-aba.com\/en\/","logo":{"@type":"ImageObject","inLanguage":"en-US","@id":"https:\/\/www.knospe-aba.com\/en\/#\/schema\/logo\/image\/","url":"https:\/\/www.knospe-aba.com\/wp-content\/uploads\/2022\/03\/logo6-NEU.jpg","contentUrl":"https:\/\/www.knospe-aba.com\/wp-content\/uploads\/2022\/03\/logo6-NEU.jpg","width":577,"height":179,"caption":"Knospe ABA GmbH"},"image":{"@id":"https:\/\/www.knospe-aba.com\/en\/#\/schema\/logo\/image\/"},"sameAs":["https:\/\/de-de.facebook.com\/RobertSchrammBCBA","https:\/\/www.instagram.com\/knospeaba\/"]}]}},"_links":{"self":[{"href":"https:\/\/www.knospe-aba.com\/en\/wp-json\/wp\/v2\/pages\/2573","targetHints":{"allow":["GET"]}}],"collection":[{"href":"https:\/\/www.knospe-aba.com\/en\/wp-json\/wp\/v2\/pages"}],"about":[{"href":"https:\/\/www.knospe-aba.com\/en\/wp-json\/wp\/v2\/types\/page"}],"author":[{"embeddable":true,"href":"https:\/\/www.knospe-aba.com\/en\/wp-json\/wp\/v2\/users\/1"}],"replies":[{"embeddable":true,"href":"https:\/\/www.knospe-aba.com\/en\/wp-json\/wp\/v2\/comments?post=2573"}],"version-history":[{"count":5,"href":"https:\/\/www.knospe-aba.com\/en\/wp-json\/wp\/v2\/pages\/2573\/revisions"}],"predecessor-version":[{"id":2774,"href":"https:\/\/www.knospe-aba.com\/en\/wp-json\/wp\/v2\/pages\/2573\/revisions\/2774"}],"wp:attachment":[{"href":"https:\/\/www.knospe-aba.com\/en\/wp-json\/wp\/v2\/media?parent=2573"}],"curies":[{"name":"wp","href":"https:\/\/api.w.org\/{rel}","templated":true}]}}