{"id":2537,"date":"2022-03-25T19:18:07","date_gmt":"2022-03-25T18:18:07","guid":{"rendered":"http:\/\/new.knospe-aba.com\/robert-schramm-m-a-bcba-board-certified-behavior-analyst\/"},"modified":"2022-03-31T18:34:45","modified_gmt":"2022-03-31T16:34:45","slug":"robert-schramm-m-a-bcba-board-certified-behavior-analyst","status":"publish","type":"page","link":"https:\/\/www.knospe-aba.com\/en\/robert-schramm-m-a-bcba-board-certified-behavior-analyst\/","title":{"rendered":"Robert Schramm, M.A., BCBA (Board Certified Behavior Analyst)"},"content":{"rendered":"<div class=\"wpb-content-wrapper\"><p>[vc_row css=&#8221;.vc_custom_1643754078570{padding-top: 2.5em !important;padding-bottom: 10.5em !important;}&#8221;][vc_column]<div id=\"sc_title_1820657004\"\r\n\t\tclass=\"sc_title sc_title_default  vc_custom_1648571604240\"><h2 class=\"sc_item_title sc_title_title sc_align_left sc_item_title_style_default sc_item_title_tag\">Robert Schramm, M.A., BCBA<\/h2><\/div><!-- \/.sc_title -->[vc_column_text css=&#8221;.vc_custom_1648389161115{padding-bottom: 55px !important;}&#8221;]<\/p>\n<h3>(Board Certified Behavior Analyst)<\/h3>\n<p>[\/vc_column_text][vc_row_inner css=&#8221;.vc_custom_1643791496225{padding-bottom: 0px !important;}&#8221;][vc_column_inner][vc_column_text]<img loading=\"lazy\" decoding=\"async\" class=\"alignright wp-image-2373 size-hypnotherapy-thumb-masonry\" src=\"https:\/\/knospe-aba.com\/wp-content\/uploads\/2016\/12\/Robert_neu-555x370.jpg\" alt=\"\" width=\"555\" height=\"370\" srcset=\"https:\/\/www.knospe-aba.com\/wp-content\/uploads\/2016\/12\/Robert_neu-555x370.jpg 555w, https:\/\/www.knospe-aba.com\/wp-content\/uploads\/2016\/12\/Robert_neu-300x200.jpg 300w, https:\/\/www.knospe-aba.com\/wp-content\/uploads\/2016\/12\/Robert_neu-1024x683.jpg 1024w, https:\/\/www.knospe-aba.com\/wp-content\/uploads\/2016\/12\/Robert_neu-768x512.jpg 768w, https:\/\/www.knospe-aba.com\/wp-content\/uploads\/2016\/12\/Robert_neu-370x247.jpg 370w, https:\/\/www.knospe-aba.com\/wp-content\/uploads\/2016\/12\/Robert_neu-1155x771.jpg 1155w, https:\/\/www.knospe-aba.com\/wp-content\/uploads\/2016\/12\/Robert_neu.jpg 1280w\" sizes=\"auto, (max-width: 555px) 100vw, 555px\" \/>Knospe-ABA (pronounced Kenosspuh-ABA) is the home of Germany\u2019s first &#8220;Board Certified Behavior Analyst.&#8221; American born and educated, Robert Schramm, M.A., BCBA, has worked with children since 1991. As a special education teacher and inclusion specialist, turning his focus to autism in 1997. In 2004 Robert started Knospe-ABA with his wife Nadine Schramm (maiden name Knospe) and has been offering workshop, consultation and education services to families of children with autism spectrum and other related disorders in Europe. With over 25 years of experience Robert is bringing all of his knowledge into his work as the lead supervisor to support Knospe-ABA\u2019s clients in the best possible way.<\/p>\n<p>The Knospe-ABA team has been responsible for the behavioral education of more than 2,000 children in Germany and its surrounding countries. We are coming to your home to develop an individualised program for your child and teaching you how to implement it. In addition to family geared webinars and workshops, Knospe-ABA also offers in-house workshops, trainings and supervision to schools, autism centers and other institutions interested in learning more about Applied Behavior Analysis and Verbal Behavior.<\/p>\n<h5><strong>\u201cWe teach the science of Applied Behavior Analysis (ABA) and Verbal Behavior (VB) to parents, teachers, therapists, psychologists and other professionals who want to give children with autism the best possible environment in which to live and learn.\u201d<\/strong><\/h5>\n<p>[\/vc_column_text][\/vc_column_inner][\/vc_row_inner]<div class=\"sc_layouts sc_layouts_default sc_layouts_none\"><\/div>[\/vc_column][\/vc_row]<\/p>\n<\/div>","protected":false},"excerpt":{"rendered":"<p>[vc_row css=&#8221;.vc_custom_1643754078570{padding-top: 2.5em !important;padding-bottom: 10.5em !important;}&#8221;][vc_column][vc_column_text css=&#8221;.vc_custom_1648389161115{padding-bottom: 55px !important;}&#8221;] (Board Certified Behavior Analyst) [\/vc_column_text][vc_row_inner css=&#8221;.vc_custom_1643791496225{padding-bottom: 0px !important;}&#8221;][vc_column_inner][vc_column_text]Knospe-ABA (pronounced Kenosspuh-ABA) is the home of Germany\u2019s first &#8220;Board Certified Behavior Analyst.&#8221; American born and educated, Robert Schramm, M.A., BCBA, has worked with children since 1991. As a special education teacher and inclusion specialist, turning his focus to autism in 1997. In 2004&hellip;<\/p>\n","protected":false},"author":1,"featured_media":0,"parent":0,"menu_order":0,"comment_status":"closed","ping_status":"closed","template":"","meta":{"footnotes":""},"class_list":["post-2537","page","type-page","status-publish","hentry"],"yoast_head":"<!-- This site is optimized with the Yoast SEO plugin v27.4 - https:\/\/yoast.com\/product\/yoast-seo-wordpress\/ -->\n<title>Robert Schramm, M.A., BCBA (Board Certified Behavior Analyst) - Knospe-ABA | Hilfe bei Autismus-Spektrum-St\u00f6rungen<\/title>\n<meta name=\"robots\" content=\"index, follow, max-snippet:-1, max-image-preview:large, max-video-preview:-1\" \/>\n<link rel=\"canonical\" href=\"https:\/\/www.knospe-aba.com\/en\/robert-schramm-m-a-bcba-board-certified-behavior-analyst\/\" \/>\n<meta property=\"og:locale\" content=\"en_US\" \/>\n<meta property=\"og:type\" content=\"article\" \/>\n<meta property=\"og:title\" content=\"Robert Schramm, M.A., BCBA (Board Certified Behavior Analyst) - Knospe-ABA | Hilfe bei Autismus-Spektrum-St\u00f6rungen\" \/>\n<meta property=\"og:description\" content=\"[vc_row css=&#8221;.vc_custom_1643754078570{padding-top: 2.5em !important;padding-bottom: 10.5em !important;}&#8221;][vc_column][vc_column_text css=&#8221;.vc_custom_1648389161115{padding-bottom: 55px !important;}&#8221;] (Board Certified Behavior Analyst) [\/vc_column_text][vc_row_inner css=&#8221;.vc_custom_1643791496225{padding-bottom: 0px !important;}&#8221;][vc_column_inner][vc_column_text]Knospe-ABA (pronounced Kenosspuh-ABA) is the home of Germany\u2019s first &#8220;Board Certified Behavior Analyst.&#8221; American born and educated, Robert Schramm, M.A., BCBA, has worked with children since 1991. As a special education teacher and inclusion specialist, turning his focus to autism in 1997. In 2004&hellip;\" \/>\n<meta property=\"og:url\" content=\"https:\/\/www.knospe-aba.com\/en\/robert-schramm-m-a-bcba-board-certified-behavior-analyst\/\" \/>\n<meta property=\"og:site_name\" content=\"Knospe-ABA | Hilfe bei Autismus-Spektrum-St\u00f6rungen\" \/>\n<meta property=\"article:publisher\" content=\"https:\/\/de-de.facebook.com\/RobertSchrammBCBA\" \/>\n<meta property=\"article:modified_time\" content=\"2022-03-31T16:34:45+00:00\" \/>\n<meta property=\"og:image\" content=\"https:\/\/knospe-aba.com\/wp-content\/uploads\/2016\/12\/Robert_neu-555x370.jpg\" \/>\n<meta name=\"twitter:card\" content=\"summary_large_image\" \/>\n<meta name=\"twitter:label1\" content=\"Est. reading time\" \/>\n\t<meta name=\"twitter:data1\" content=\"2 minutes\" \/>\n<script type=\"application\/ld+json\" class=\"yoast-schema-graph\">{\"@context\":\"https:\\\/\\\/schema.org\",\"@graph\":[{\"@type\":\"WebPage\",\"@id\":\"https:\\\/\\\/www.knospe-aba.com\\\/en\\\/robert-schramm-m-a-bcba-board-certified-behavior-analyst\\\/\",\"url\":\"https:\\\/\\\/www.knospe-aba.com\\\/en\\\/robert-schramm-m-a-bcba-board-certified-behavior-analyst\\\/\",\"name\":\"Robert Schramm, M.A., BCBA (Board Certified Behavior Analyst) - Knospe-ABA | Hilfe bei Autismus-Spektrum-St\u00f6rungen\",\"isPartOf\":{\"@id\":\"https:\\\/\\\/www.knospe-aba.com\\\/en\\\/#website\"},\"primaryImageOfPage\":{\"@id\":\"https:\\\/\\\/www.knospe-aba.com\\\/en\\\/robert-schramm-m-a-bcba-board-certified-behavior-analyst\\\/#primaryimage\"},\"image\":{\"@id\":\"https:\\\/\\\/www.knospe-aba.com\\\/en\\\/robert-schramm-m-a-bcba-board-certified-behavior-analyst\\\/#primaryimage\"},\"thumbnailUrl\":\"https:\\\/\\\/knospe-aba.com\\\/wp-content\\\/uploads\\\/2016\\\/12\\\/Robert_neu-555x370.jpg\",\"datePublished\":\"2022-03-25T18:18:07+00:00\",\"dateModified\":\"2022-03-31T16:34:45+00:00\",\"inLanguage\":\"en-US\",\"potentialAction\":[{\"@type\":\"ReadAction\",\"target\":[\"https:\\\/\\\/www.knospe-aba.com\\\/en\\\/robert-schramm-m-a-bcba-board-certified-behavior-analyst\\\/\"]}]},{\"@type\":\"ImageObject\",\"inLanguage\":\"en-US\",\"@id\":\"https:\\\/\\\/www.knospe-aba.com\\\/en\\\/robert-schramm-m-a-bcba-board-certified-behavior-analyst\\\/#primaryimage\",\"url\":\"https:\\\/\\\/knospe-aba.com\\\/wp-content\\\/uploads\\\/2016\\\/12\\\/Robert_neu-555x370.jpg\",\"contentUrl\":\"https:\\\/\\\/knospe-aba.com\\\/wp-content\\\/uploads\\\/2016\\\/12\\\/Robert_neu-555x370.jpg\"},{\"@type\":\"WebSite\",\"@id\":\"https:\\\/\\\/www.knospe-aba.com\\\/en\\\/#website\",\"url\":\"https:\\\/\\\/www.knospe-aba.com\\\/en\\\/\",\"name\":\"Knospe-ABA | Hilfe bei Autismus-Spektrum-St\u00f6rungen\",\"description\":\"Autismus Elterntraining, Therapie, Autismushilfe, Heilp\u00e4dgogische F\u00f6rderung, Fr\u00fchkindlicher Autismus Therapie, F\u00f6rderung Autismus, Fr\u00fchf\u00f6rderung Autismus, ABA, Sonderp\u00e4dagogische Hilfe, Autismushilfe, Autismuszentrum\",\"publisher\":{\"@id\":\"https:\\\/\\\/www.knospe-aba.com\\\/en\\\/#organization\"},\"potentialAction\":[{\"@type\":\"SearchAction\",\"target\":{\"@type\":\"EntryPoint\",\"urlTemplate\":\"https:\\\/\\\/www.knospe-aba.com\\\/en\\\/?s={search_term_string}\"},\"query-input\":{\"@type\":\"PropertyValueSpecification\",\"valueRequired\":true,\"valueName\":\"search_term_string\"}}],\"inLanguage\":\"en-US\"},{\"@type\":\"Organization\",\"@id\":\"https:\\\/\\\/www.knospe-aba.com\\\/en\\\/#organization\",\"name\":\"Knospe ABA GmbH\",\"alternateName\":\"Knospe ABA\",\"url\":\"https:\\\/\\\/www.knospe-aba.com\\\/en\\\/\",\"logo\":{\"@type\":\"ImageObject\",\"inLanguage\":\"en-US\",\"@id\":\"https:\\\/\\\/www.knospe-aba.com\\\/en\\\/#\\\/schema\\\/logo\\\/image\\\/\",\"url\":\"https:\\\/\\\/www.knospe-aba.com\\\/wp-content\\\/uploads\\\/2022\\\/03\\\/logo6-NEU.jpg\",\"contentUrl\":\"https:\\\/\\\/www.knospe-aba.com\\\/wp-content\\\/uploads\\\/2022\\\/03\\\/logo6-NEU.jpg\",\"width\":577,\"height\":179,\"caption\":\"Knospe ABA GmbH\"},\"image\":{\"@id\":\"https:\\\/\\\/www.knospe-aba.com\\\/en\\\/#\\\/schema\\\/logo\\\/image\\\/\"},\"sameAs\":[\"https:\\\/\\\/de-de.facebook.com\\\/RobertSchrammBCBA\",\"https:\\\/\\\/www.instagram.com\\\/knospeaba\\\/\"]}]}<\/script>\n<!-- \/ Yoast SEO plugin. -->","yoast_head_json":{"title":"Robert Schramm, M.A., BCBA (Board Certified Behavior Analyst) - Knospe-ABA | Hilfe bei Autismus-Spektrum-St\u00f6rungen","robots":{"index":"index","follow":"follow","max-snippet":"max-snippet:-1","max-image-preview":"max-image-preview:large","max-video-preview":"max-video-preview:-1"},"canonical":"https:\/\/www.knospe-aba.com\/en\/robert-schramm-m-a-bcba-board-certified-behavior-analyst\/","og_locale":"en_US","og_type":"article","og_title":"Robert Schramm, M.A., BCBA (Board Certified Behavior Analyst) - Knospe-ABA | Hilfe bei Autismus-Spektrum-St\u00f6rungen","og_description":"[vc_row css=&#8221;.vc_custom_1643754078570{padding-top: 2.5em !important;padding-bottom: 10.5em !important;}&#8221;][vc_column][vc_column_text css=&#8221;.vc_custom_1648389161115{padding-bottom: 55px !important;}&#8221;] (Board Certified Behavior Analyst) [\/vc_column_text][vc_row_inner css=&#8221;.vc_custom_1643791496225{padding-bottom: 0px !important;}&#8221;][vc_column_inner][vc_column_text]Knospe-ABA (pronounced Kenosspuh-ABA) is the home of Germany\u2019s first &#8220;Board Certified Behavior Analyst.&#8221; American born and educated, Robert Schramm, M.A., BCBA, has worked with children since 1991. As a special education teacher and inclusion specialist, turning his focus to autism in 1997. In 2004&hellip;","og_url":"https:\/\/www.knospe-aba.com\/en\/robert-schramm-m-a-bcba-board-certified-behavior-analyst\/","og_site_name":"Knospe-ABA | Hilfe bei Autismus-Spektrum-St\u00f6rungen","article_publisher":"https:\/\/de-de.facebook.com\/RobertSchrammBCBA","article_modified_time":"2022-03-31T16:34:45+00:00","og_image":[{"url":"https:\/\/knospe-aba.com\/wp-content\/uploads\/2016\/12\/Robert_neu-555x370.jpg","type":"","width":"","height":""}],"twitter_card":"summary_large_image","twitter_misc":{"Est. reading time":"2 minutes"},"schema":{"@context":"https:\/\/schema.org","@graph":[{"@type":"WebPage","@id":"https:\/\/www.knospe-aba.com\/en\/robert-schramm-m-a-bcba-board-certified-behavior-analyst\/","url":"https:\/\/www.knospe-aba.com\/en\/robert-schramm-m-a-bcba-board-certified-behavior-analyst\/","name":"Robert Schramm, M.A., BCBA (Board Certified Behavior Analyst) - Knospe-ABA | Hilfe bei Autismus-Spektrum-St\u00f6rungen","isPartOf":{"@id":"https:\/\/www.knospe-aba.com\/en\/#website"},"primaryImageOfPage":{"@id":"https:\/\/www.knospe-aba.com\/en\/robert-schramm-m-a-bcba-board-certified-behavior-analyst\/#primaryimage"},"image":{"@id":"https:\/\/www.knospe-aba.com\/en\/robert-schramm-m-a-bcba-board-certified-behavior-analyst\/#primaryimage"},"thumbnailUrl":"https:\/\/knospe-aba.com\/wp-content\/uploads\/2016\/12\/Robert_neu-555x370.jpg","datePublished":"2022-03-25T18:18:07+00:00","dateModified":"2022-03-31T16:34:45+00:00","inLanguage":"en-US","potentialAction":[{"@type":"ReadAction","target":["https:\/\/www.knospe-aba.com\/en\/robert-schramm-m-a-bcba-board-certified-behavior-analyst\/"]}]},{"@type":"ImageObject","inLanguage":"en-US","@id":"https:\/\/www.knospe-aba.com\/en\/robert-schramm-m-a-bcba-board-certified-behavior-analyst\/#primaryimage","url":"https:\/\/knospe-aba.com\/wp-content\/uploads\/2016\/12\/Robert_neu-555x370.jpg","contentUrl":"https:\/\/knospe-aba.com\/wp-content\/uploads\/2016\/12\/Robert_neu-555x370.jpg"},{"@type":"WebSite","@id":"https:\/\/www.knospe-aba.com\/en\/#website","url":"https:\/\/www.knospe-aba.com\/en\/","name":"Knospe-ABA | Hilfe bei Autismus-Spektrum-St\u00f6rungen","description":"Autismus Elterntraining, Therapie, Autismushilfe, Heilp\u00e4dgogische F\u00f6rderung, Fr\u00fchkindlicher Autismus Therapie, F\u00f6rderung Autismus, Fr\u00fchf\u00f6rderung Autismus, ABA, Sonderp\u00e4dagogische Hilfe, Autismushilfe, Autismuszentrum","publisher":{"@id":"https:\/\/www.knospe-aba.com\/en\/#organization"},"potentialAction":[{"@type":"SearchAction","target":{"@type":"EntryPoint","urlTemplate":"https:\/\/www.knospe-aba.com\/en\/?s={search_term_string}"},"query-input":{"@type":"PropertyValueSpecification","valueRequired":true,"valueName":"search_term_string"}}],"inLanguage":"en-US"},{"@type":"Organization","@id":"https:\/\/www.knospe-aba.com\/en\/#organization","name":"Knospe ABA GmbH","alternateName":"Knospe ABA","url":"https:\/\/www.knospe-aba.com\/en\/","logo":{"@type":"ImageObject","inLanguage":"en-US","@id":"https:\/\/www.knospe-aba.com\/en\/#\/schema\/logo\/image\/","url":"https:\/\/www.knospe-aba.com\/wp-content\/uploads\/2022\/03\/logo6-NEU.jpg","contentUrl":"https:\/\/www.knospe-aba.com\/wp-content\/uploads\/2022\/03\/logo6-NEU.jpg","width":577,"height":179,"caption":"Knospe ABA GmbH"},"image":{"@id":"https:\/\/www.knospe-aba.com\/en\/#\/schema\/logo\/image\/"},"sameAs":["https:\/\/de-de.facebook.com\/RobertSchrammBCBA","https:\/\/www.instagram.com\/knospeaba\/"]}]}},"_links":{"self":[{"href":"https:\/\/www.knospe-aba.com\/en\/wp-json\/wp\/v2\/pages\/2537","targetHints":{"allow":["GET"]}}],"collection":[{"href":"https:\/\/www.knospe-aba.com\/en\/wp-json\/wp\/v2\/pages"}],"about":[{"href":"https:\/\/www.knospe-aba.com\/en\/wp-json\/wp\/v2\/types\/page"}],"author":[{"embeddable":true,"href":"https:\/\/www.knospe-aba.com\/en\/wp-json\/wp\/v2\/users\/1"}],"replies":[{"embeddable":true,"href":"https:\/\/www.knospe-aba.com\/en\/wp-json\/wp\/v2\/comments?post=2537"}],"version-history":[{"count":5,"href":"https:\/\/www.knospe-aba.com\/en\/wp-json\/wp\/v2\/pages\/2537\/revisions"}],"predecessor-version":[{"id":2945,"href":"https:\/\/www.knospe-aba.com\/en\/wp-json\/wp\/v2\/pages\/2537\/revisions\/2945"}],"wp:attachment":[{"href":"https:\/\/www.knospe-aba.com\/en\/wp-json\/wp\/v2\/media?parent=2537"}],"curies":[{"name":"wp","href":"https:\/\/api.w.org\/{rel}","templated":true}]}}